{"id":5112,"date":"2021-12-21T18:11:27","date_gmt":"2021-12-21T18:11:27","guid":{"rendered":"https:\/\/avecoeur.com\/ameublement-et-decoration\/"},"modified":"2021-12-22T13:52:45","modified_gmt":"2021-12-22T13:52:45","slug":"ameublement-et-decoration","status":"publish","type":"page","link":"https:\/\/avecoeur.com\/fr\/ameublement-et-decoration\/","title":{"rendered":"Ameublement et d\u00e9coration"},"content":{"rendered":"\n<section style=\"background-image: url(https:\/\/e6j3epm9rsf.exactdn.com\/wp-content\/uploads\/2021\/09\/Villa-4-4.jpg?strip=all); background-position: center center; background-size: cover;\"  class=\"animation-bg\">\n    <div class=\"container\">\n        <div class=\"title-content\">\n            <div data-aos=\"fade-up\">\n                <h1 class=\"title-page\">Service d&rsquo;ameublement, de d\u00e9coration et d&rsquo;installation de cuisine<\/h1>\n                                <p>Un service professionnel d&rsquo;am\u00e9nagement int\u00e9rieur qui comprend : des conseils sur l&rsquo;am\u00e9nagement int\u00e9rieur, l&rsquo;ameublement, la d\u00e9coration, le choix et l&rsquo;installation de la cuisine et le raccordement aux services publics.<\/p>\n            <\/div>\n        <\/div>\n    <\/div>\n<\/section>\n\n\n<section>\n\t<div class=\"container\">\n\t\t\t\t\t<div class=\"single-content single-content-block\">\n\t\t\t\t<p><!-- wp:paragraph --><\/p>\n<p>Une fois que vous avez r\u00e9serv\u00e9 une propri\u00e9t\u00e9 et que vous attendez qu&rsquo;elle soit termin\u00e9e, la prochaine \u00e9tape cl\u00e9 est de choisir une cuisine, de s\u00e9lectionner des meubles et d&rsquo;organiser la d\u00e9coration. Lorsque vous achetez un nouveau d\u00e9veloppement construit par Avecoeur, les cuisines, les meubles, les d\u00e9corations et les appareils \u00e9lectrom\u00e9nagers sont inclus, cependant, pour la plupart des nouveaux d\u00e9veloppements en France, ces \u00e9l\u00e9ments ne sont pas inclus, c&rsquo;est pourquoi nous offrons ce service suppl\u00e9mentaire. Si vous avez beaucoup de temps \u00e0 votre disposition et que vous parlez fran\u00e7ais, vous pouvez le faire vous-m\u00eame, mais pour beaucoup de gens, c&rsquo;est une t\u00e2che fastidieuse, stressante et qui prend beaucoup trop de temps. Par ailleurs, si vous envisagez de louer votre maison enti\u00e8rement meubl\u00e9e pour les vacances, vous devrez conna\u00eetre tous les \u00e9l\u00e9ments requis, car les erreurs sont g\u00e9n\u00e9ralement sanctionn\u00e9es par de mauvaises critiques et des clients m\u00e9contents. Avecoeur offre un service qui s&rsquo;occupe de tout cela pour vous, vous pouvez donc vous d\u00e9tendre en sachant que votre propri\u00e9t\u00e9 est meubl\u00e9e et d\u00e9cor\u00e9e par des experts. Ci-dessous, nous vous expliquons plus en d\u00e9tail comment le processus fonctionne, et les phases impliqu\u00e9es.<\/p>\n<p><!-- \/wp:paragraph --> <!-- wp:paragraph --><\/p>\n<p><em><strong>Consultation avec l&rsquo;\u00e9quipe de d\u00e9coration int\u00e9rieure<\/strong><\/em><\/p>\n<p><!-- \/wp:paragraph --> <!-- wp:paragraph --><\/p>\n<p>\u00c9tant donn\u00e9 que nous sommes nous-m\u00eames promoteurs immobiliers, nous disposons de notre propre \u00e9quipe de d\u00e9corateurs d&rsquo;int\u00e9rieur pour vous offrir leurs conseils d&rsquo;experts et vous proposer des id\u00e9es adapt\u00e9es \u00e0 vos go\u00fbts personnels. Une fois que vous avez accept\u00e9 les conditions de notre service, une premi\u00e8re r\u00e9union sera organis\u00e9e entre vous et notre d\u00e9corateur d&rsquo;int\u00e9rieur pour discuter des id\u00e9es et d\u00e9cider d&rsquo;une ambiance particuli\u00e8re pour votre appartement. Peut-\u00eatre souhaitez-vous opter pour un look frais et moderne s&rsquo;il s&rsquo;agit d&rsquo;un appartement en bord de mer ou peut-\u00eatre pr\u00e9f\u00e9rez-vous une ambiance cosy s&rsquo;il s&rsquo;agit d&rsquo;un chalet de ski. Au cours de cette consultation, vous serez \u00e9galement invit\u00e9 \u00e0 nous sugg\u00e9rer un budget \u00e0 respecter ou, \u00e0 d\u00e9faut, nous pouvons vous sugg\u00e9rer un budget en fonction de ce que vous recherchez. Par exemple, vous pouvez meubler un appartement de 3 pi\u00e8ces pour 10 000 euros, ce qui fera l&rsquo;affaire et sera confortable, mais si vous voulez cr\u00e9er un espace unique et haut de gamme, vous pouvez facilement d\u00e9penser 30 000 euros.<\/p>\n<p><!-- \/wp:paragraph --> <!-- wp:paragraph --><\/p>\n<p><em><strong>Choix des meubles<\/strong><\/em><\/p>\n<p><!-- \/wp:paragraph --> <!-- wp:paragraph --><\/p>\n<p>Lors du choix des meubles, il est important de d\u00e9cider au pr\u00e9alable si vous cherchez \u00e0 louer votre propri\u00e9t\u00e9 ou non, car cela changera souvent le choix des articles. S&rsquo;il s&rsquo;agit principalement d&rsquo;une location de vacances pour l&rsquo;investissement, nous vous sugg\u00e9rons des articles plus robustes, plus faciles \u00e0 remplacer, qui ne co\u00fbtent pas une fortune et ne se tachent pas facilement. Vous n&rsquo;avez g\u00e9n\u00e9ralement pas envie de choisir un canap\u00e9 blanc \u00e0 10 000 euros par exemple si vous pr\u00e9voyez de le louer, car il s&rsquo;usera in\u00e9vitablement plus vite qu&rsquo;un article de couleur diff\u00e9rente fabriqu\u00e9 dans des mat\u00e9riaux plus robustes. Nous travaillons avec de nombreux fournisseurs \u00e0 travers la France pour r\u00e9pondre \u00e0 un large \u00e9ventail de go\u00fbts et de budgets, nous serons donc en mesure de faire des suggestions appropri\u00e9es en fonction de vos demandes. Une liste compl\u00e8te de tous les articles sera finalement cr\u00e9\u00e9e et vous sera envoy\u00e9e pour approbation. Vous pourrez soit l&rsquo;accepter, soit la r\u00e9viser, soit m\u00eame sugg\u00e9rer certains articles que vous avez choisis vous-m\u00eame pour les inclure.<\/p>\n<p><!-- \/wp:paragraph --> <!-- wp:paragraph --><\/p>\n<p><em><strong>D\u00e9coration<\/strong><\/em><\/p>\n<p><!-- \/wp:paragraph --> <!-- wp:paragraph --><\/p>\n<p>L&rsquo;ameublement n&rsquo;est qu&rsquo;une partie du puzzle. Les articles de d\u00e9coration devront \u00eatre choisis pour refl\u00e9ter l&rsquo;ambiance cr\u00e9\u00e9e tout en respectant le budget. Les rideaux (qui devront \u00eatre envoy\u00e9s \u00e0 une couturi\u00e8re pour s&rsquo;adapter \u00e0 la fen\u00eatre\/porte) devront g\u00e9n\u00e9ralement \u00eatre install\u00e9s, de m\u00eame que les luminaires, les tableaux, les miroirs, etc.<\/p>\n<p><!-- \/wp:paragraph --> <!-- wp:paragraph --><\/p>\n<p><em><strong>Cuisines et appareils \u00e9lectrom\u00e9nagers<\/strong><\/em><\/p>\n<p><!-- \/wp:paragraph --> <!-- wp:paragraph --><\/p>\n<p>En g\u00e9n\u00e9ral, les nouvelles propri\u00e9t\u00e9s en France ne sont pas vendues avec une cuisine incluse, il faut donc la choisir et l&rsquo;installer. Comme pour l&rsquo;ameublement et la d\u00e9coration, Avecoeur fera des suggestions pour les cuisines en fonction de l&rsquo;ambiance que vous recherchez et de votre budget. Encore une fois, le budget pour une cuisine peut varier \u00e9norm\u00e9ment ; une cuisine d\u00e9cente pour un appartement de 3 pi\u00e8ces co\u00fbtera environ 5 000 euros, y compris les appareils tels qu&rsquo;un lave-vaisselle, un r\u00e9frig\u00e9rateur, un cong\u00e9lateur, etc. mais si vous voulez opter pour les appareils les plus r\u00e9cents et les plus chers ainsi qu&rsquo;un plan de travail en granit ou en marbre, le budget pourrait \u00eatre de 20 000 euros. Nous vous guiderons dans cette d\u00e9marche et obtiendrons des devis en fonction de votre budget. Une fois la cuisine et les appareils s\u00e9lectionn\u00e9s, nous nous mettons en contact avec le promoteur (ou le contrema\u00eetre si nous avons notre propre projet) pour permettre au fournisseur de la cuisine d&rsquo;entrer dans la propri\u00e9t\u00e9 pour prendre ses mesures environ 6 semaines avant la livraison de la propri\u00e9t\u00e9. C&rsquo;est le d\u00e9lai habituel entre les mesures et l&rsquo;installation de la cuisine dans la propri\u00e9t\u00e9. D&rsquo;autres \u00e9l\u00e9ments tels que les machines \u00e0 laver et les s\u00e8che-linge seront \u00e9galement sugg\u00e9r\u00e9s pour la plupart des propri\u00e9t\u00e9s.<\/p>\n<p><!-- \/wp:paragraph --> <!-- wp:paragraph --><\/p>\n<p><em><strong>S\u00e9lections des finitions int\u00e9rieures<\/strong><\/em><\/p>\n<p><!-- \/wp:paragraph --> <!-- wp:paragraph --><\/p>\n<p>En fonction de l&rsquo;\u00e9tape de la construction \u00e0 laquelle Avecoeur intervient, si elle est suffisamment pr\u00e9coce, nous pourrons \u00e9galement vous conseiller sur les couleurs de peinture, les choix de carrelage, les portes, les robinets, les poign\u00e9es, etc. afin qu&rsquo;ils s&rsquo;int\u00e8grent \u00e0 l&rsquo;ambiance cr\u00e9\u00e9e et s&rsquo;accordent avec l&rsquo;ameublement et la d\u00e9coration choisis. Si ceux-ci ont d\u00e9j\u00e0 \u00e9t\u00e9 d\u00e9cid\u00e9s, ce n&rsquo;est pas un probl\u00e8me, et le mobilier et les d\u00e9corations seront choisis en tenant compte de la finition int\u00e9rieure s\u00e9lectionn\u00e9e. Si l&rsquo;on s&rsquo;y prend suffisamment t\u00f4t, Avecoeur peut \u00e9galement donner des conseils sur l&rsquo;am\u00e9nagement int\u00e9rieur, en d\u00e9pla\u00e7ant les murs int\u00e9rieurs, en installant des placards ou des salles de bain suppl\u00e9mentaires pour tirer le meilleur parti de l&rsquo;espace.<\/p>\n<p><!-- \/wp:paragraph --> <!-- wp:paragraph --><\/p>\n<p><em><strong>Livraison des articles et installation<\/strong><\/em><\/p>\n<p><!-- \/wp:paragraph --> <!-- wp:paragraph --><\/p>\n<p>ypiquement, il peut y avoir environ 5 \u00e0 10 fournisseurs diff\u00e9rents utilis\u00e9s pour l&rsquo;ameublement et la d\u00e9coration de votre chalet, villa ou appartement et chacun d&rsquo;entre eux aura ses articles pr\u00eats \u00e0 un moment diff\u00e9rent, donc l&rsquo;enl\u00e8vement de ces articles dans une camionnette devra \u00eatre coordonn\u00e9 afin que la propri\u00e9t\u00e9 puisse \u00eatre pr\u00eate le plus t\u00f4t possible. Les livraisons doivent parfois \u00eatre reprogramm\u00e9es avec le fournisseur ou les articles peuvent arriver endommag\u00e9s et une nouvelle date de livraison doit \u00eatre fix\u00e9e. Avecoeur s&rsquo;occupera de tout cela pour s&rsquo;assurer que tous les articles sont pr\u00e9sents et en bon \u00e9tat. Souvent, les meubles devront \u00eatre assembl\u00e9s et cela sera fait par une \u00e9quipe de bricoleurs qui s&rsquo;occuperont \u00e9galement de l&rsquo;accrochage des tableaux, des miroirs, des luminaires, etc. La seule d\u00e9pense suppl\u00e9mentaire pour le propri\u00e9taire est l&rsquo;intervention d&rsquo;un \u00e9lectricien en cas d&rsquo;installation particuli\u00e8rement compliqu\u00e9e d&rsquo;un appareil \u00e9lectrique.<\/p>\n<p><!-- \/wp:paragraph --> <!-- wp:paragraph --><\/p>\n<p><em><strong>Retrait des emballages<\/strong><\/em><\/p>\n<p><!-- \/wp:paragraph --> <!-- wp:paragraph --><\/p>\n<p>Une fois que tous les articles ont \u00e9t\u00e9 livr\u00e9s et install\u00e9s, il reste g\u00e9n\u00e9ralement une montagne d&#8217;emballages \u00e0 retirer et \u00e0 \u00e9liminer correctement. Nos \u00e9quipes professionnelles ou nos installateurs s&rsquo;occuperont de tout cela, vous n&rsquo;aurez donc pas \u00e0 faire de multiples voyages en voiture jusqu&rsquo;\u00e0 la d\u00e9charge pour tout d\u00e9barrasser.<\/p>\n<p><!-- \/wp:paragraph --> <!-- wp:paragraph --><\/p>\n<p><em><strong>Nettoyage final<\/strong><\/em><\/p>\n<p><!-- \/wp:paragraph --> <!-- wp:paragraph --><\/p>\n<p>Enfin, nous sugg\u00e9rons toujours qu&rsquo;un nettoyage en profondeur soit effectu\u00e9 une fois que tout a \u00e9t\u00e9 install\u00e9. En effet, le constructeur inclut rarement un nettoyage en profondeur lorsqu&rsquo;il livre une propri\u00e9t\u00e9 et les all\u00e9es et venues de toutes les personnes impliqu\u00e9es pour la rendre pr\u00eate \u00e0 \u00eatre utilis\u00e9e\/lou\u00e9e vont g\u00e9n\u00e9ralement cr\u00e9er un certain d\u00e9sordre. Ce service n&rsquo;est pas inclus dans nos honoraires mais peut \u00eatre facilement organis\u00e9.<\/p>\n<p><!-- \/wp:paragraph --> <!-- wp:paragraph --><\/p>\n<p><em><strong>Raccordement aux services publics<\/strong><\/em><\/p>\n<p><!-- \/wp:paragraph --> <!-- wp:paragraph --><\/p>\n<p>Lorsqu&rsquo;une propri\u00e9t\u00e9 est livr\u00e9e, les contrats avec les fournisseurs de services publics ne sont g\u00e9n\u00e9ralement pas en place. Il faut donc prendre le temps de s\u00e9lectionner les meilleurs fournisseurs pour l&rsquo;\u00e9lectricit\u00e9, l&rsquo;eau, le gaz, les t\u00e9l\u00e9coms, etc. et ensuite passer du temps au t\u00e9l\u00e9phone pour \u00e9tablir les contrats et le syst\u00e8me de paiement avec chacun d&rsquo;eux. Avecoeur offre de faire cette activit\u00e9 qui demande beaucoup de temps dans le cadre de son service, sans frais suppl\u00e9mentaires.<\/p>\n<p>Dans l&rsquo;ensemble, en utilisant ce service, vous pouvez vous d\u00e9tendre et vous sentir en s\u00e9curit\u00e9 que votre propri\u00e9t\u00e9 sera pr\u00eate pour la location ou votre usage personnel et \u00e9viter tout mal de t\u00eate inutile.<\/p>\n<p><!-- \/wp:paragraph --><\/p>\n\t\t\t\n\t\t\t<\/div>\n\t\t\t<\/div>\n<\/section>","protected":false},"excerpt":{"rendered":"","protected":false},"author":2,"featured_media":3643,"parent":0,"menu_order":5,"comment_status":"closed","ping_status":"closed","template":"","meta":{"footnotes":""},"class_list":["post-5112","page","type-page","status-publish","has-post-thumbnail","hentry"],"acf":[],"yoast_head":"<!-- This site is optimized with the Yoast SEO plugin v27.3 - https:\/\/yoast.com\/product\/yoast-seo-wordpress\/ -->\n<title>Ameublement et d\u00e9coration - Avecoeur<\/title>\n<meta name=\"description\" content=\"Afin de simplifier au maximum le processus d&#039;achat, nous proposons un service de s\u00e9lection et d&#039;installation d&#039;ameublement, de d\u00e9coration et de cuisine.\" \/>\n<meta name=\"robots\" content=\"index, follow, max-snippet:-1, max-image-preview:large, max-video-preview:-1\" \/>\n<link rel=\"canonical\" href=\"https:\/\/avecoeur.com\/fr\/ameublement-et-decoration\/\" \/>\n<meta property=\"og:locale\" content=\"fr_FR\" \/>\n<meta property=\"og:type\" content=\"article\" \/>\n<meta property=\"og:title\" content=\"Ameublement et d\u00e9coration - Avecoeur\" \/>\n<meta property=\"og:description\" content=\"Afin de simplifier au maximum le processus d&#039;achat, nous proposons un service de s\u00e9lection et d&#039;installation d&#039;ameublement, de d\u00e9coration et de cuisine.\" \/>\n<meta property=\"og:url\" content=\"https:\/\/avecoeur.com\/fr\/ameublement-et-decoration\/\" \/>\n<meta property=\"og:site_name\" content=\"Avecoeur\" \/>\n<meta property=\"article:publisher\" content=\"https:\/\/www.facebook.com\/Avecoeur-100378401788754\/\" \/>\n<meta property=\"article:modified_time\" content=\"2021-12-22T13:52:45+00:00\" \/>\n<meta property=\"og:image\" content=\"https:\/\/e6j3epm9rsf.exactdn.com\/wp-content\/uploads\/2021\/02\/Villa-20-13.jpg?strip=all&lossy=1&ssl=1\" \/>\n\t<meta property=\"og:image:width\" content=\"1920\" \/>\n\t<meta property=\"og:image:height\" content=\"1440\" \/>\n\t<meta property=\"og:image:type\" content=\"image\/jpeg\" \/>\n<meta name=\"twitter:card\" content=\"summary_large_image\" \/>\n<script type=\"application\/ld+json\" class=\"yoast-schema-graph\">{\"@context\":\"https:\\\/\\\/schema.org\",\"@graph\":[{\"@type\":\"WebPage\",\"@id\":\"https:\\\/\\\/avecoeur.com\\\/fr\\\/ameublement-et-decoration\\\/\",\"url\":\"https:\\\/\\\/avecoeur.com\\\/fr\\\/ameublement-et-decoration\\\/\",\"name\":\"Ameublement et d\u00e9coration - Avecoeur\",\"isPartOf\":{\"@id\":\"https:\\\/\\\/avecoeur.com\\\/#website\"},\"primaryImageOfPage\":{\"@id\":\"https:\\\/\\\/avecoeur.com\\\/fr\\\/ameublement-et-decoration\\\/#primaryimage\"},\"image\":{\"@id\":\"https:\\\/\\\/avecoeur.com\\\/fr\\\/ameublement-et-decoration\\\/#primaryimage\"},\"thumbnailUrl\":\"https:\\\/\\\/e6j3epm9rsf.exactdn.com\\\/wp-content\\\/uploads\\\/2021\\\/02\\\/Villa-20-13.jpg?strip=all\",\"datePublished\":\"2021-12-21T18:11:27+00:00\",\"dateModified\":\"2021-12-22T13:52:45+00:00\",\"description\":\"Afin de simplifier au maximum le processus d'achat, nous proposons un service de s\u00e9lection et d'installation d'ameublement, de d\u00e9coration et de cuisine.\",\"breadcrumb\":{\"@id\":\"https:\\\/\\\/avecoeur.com\\\/fr\\\/ameublement-et-decoration\\\/#breadcrumb\"},\"inLanguage\":\"fr-FR\",\"potentialAction\":[{\"@type\":\"ReadAction\",\"target\":[\"https:\\\/\\\/avecoeur.com\\\/fr\\\/ameublement-et-decoration\\\/\"]}]},{\"@type\":\"ImageObject\",\"inLanguage\":\"fr-FR\",\"@id\":\"https:\\\/\\\/avecoeur.com\\\/fr\\\/ameublement-et-decoration\\\/#primaryimage\",\"url\":\"https:\\\/\\\/e6j3epm9rsf.exactdn.com\\\/wp-content\\\/uploads\\\/2021\\\/02\\\/Villa-20-13.jpg?strip=all\",\"contentUrl\":\"https:\\\/\\\/e6j3epm9rsf.exactdn.com\\\/wp-content\\\/uploads\\\/2021\\\/02\\\/Villa-20-13.jpg?strip=all\",\"width\":1920,\"height\":1440,\"caption\":\"Kitchen Villa 20 La Foret d'Armotte, Saint Augustin\"},{\"@type\":\"BreadcrumbList\",\"@id\":\"https:\\\/\\\/avecoeur.com\\\/fr\\\/ameublement-et-decoration\\\/#breadcrumb\",\"itemListElement\":[{\"@type\":\"ListItem\",\"position\":1,\"name\":\"Home\",\"item\":\"https:\\\/\\\/avecoeur.com\\\/fr\\\/\"},{\"@type\":\"ListItem\",\"position\":2,\"name\":\"Ameublement et d\u00e9coration\"}]},{\"@type\":\"WebSite\",\"@id\":\"https:\\\/\\\/avecoeur.com\\\/#website\",\"url\":\"https:\\\/\\\/avecoeur.com\\\/\",\"name\":\"Avecoeur\",\"description\":\"Rent or buy your dream property in France\",\"publisher\":{\"@id\":\"https:\\\/\\\/avecoeur.com\\\/#organization\"},\"potentialAction\":[{\"@type\":\"SearchAction\",\"target\":{\"@type\":\"EntryPoint\",\"urlTemplate\":\"https:\\\/\\\/avecoeur.com\\\/?s={search_term_string}\"},\"query-input\":{\"@type\":\"PropertyValueSpecification\",\"valueRequired\":true,\"valueName\":\"search_term_string\"}}],\"inLanguage\":\"fr-FR\"},{\"@type\":\"Organization\",\"@id\":\"https:\\\/\\\/avecoeur.com\\\/#organization\",\"name\":\"Avecoeur\",\"url\":\"https:\\\/\\\/avecoeur.com\\\/\",\"logo\":{\"@type\":\"ImageObject\",\"inLanguage\":\"fr-FR\",\"@id\":\"https:\\\/\\\/avecoeur.com\\\/#\\\/schema\\\/logo\\\/image\\\/\",\"url\":\"https:\\\/\\\/avecoeur.com\\\/wp-content\\\/uploads\\\/2021\\\/12\\\/logo-color.png\",\"contentUrl\":\"https:\\\/\\\/avecoeur.com\\\/wp-content\\\/uploads\\\/2021\\\/12\\\/logo-color.png\",\"width\":216,\"height\":56,\"caption\":\"Avecoeur\"},\"image\":{\"@id\":\"https:\\\/\\\/avecoeur.com\\\/#\\\/schema\\\/logo\\\/image\\\/\"},\"sameAs\":[\"https:\\\/\\\/www.facebook.com\\\/Avecoeur-100378401788754\\\/\"]}]}<\/script>\n<!-- \/ Yoast SEO plugin. -->","yoast_head_json":{"title":"Ameublement et d\u00e9coration - Avecoeur","description":"Afin de simplifier au maximum le processus d'achat, nous proposons un service de s\u00e9lection et d'installation d'ameublement, de d\u00e9coration et de cuisine.","robots":{"index":"index","follow":"follow","max-snippet":"max-snippet:-1","max-image-preview":"max-image-preview:large","max-video-preview":"max-video-preview:-1"},"canonical":"https:\/\/avecoeur.com\/fr\/ameublement-et-decoration\/","og_locale":"fr_FR","og_type":"article","og_title":"Ameublement et d\u00e9coration - Avecoeur","og_description":"Afin de simplifier au maximum le processus d'achat, nous proposons un service de s\u00e9lection et d'installation d'ameublement, de d\u00e9coration et de cuisine.","og_url":"https:\/\/avecoeur.com\/fr\/ameublement-et-decoration\/","og_site_name":"Avecoeur","article_publisher":"https:\/\/www.facebook.com\/Avecoeur-100378401788754\/","article_modified_time":"2021-12-22T13:52:45+00:00","og_image":[{"width":1920,"height":1440,"url":"https:\/\/e6j3epm9rsf.exactdn.com\/wp-content\/uploads\/2021\/02\/Villa-20-13.jpg?strip=all&lossy=1&ssl=1","type":"image\/jpeg"}],"twitter_card":"summary_large_image","schema":{"@context":"https:\/\/schema.org","@graph":[{"@type":"WebPage","@id":"https:\/\/avecoeur.com\/fr\/ameublement-et-decoration\/","url":"https:\/\/avecoeur.com\/fr\/ameublement-et-decoration\/","name":"Ameublement et d\u00e9coration - Avecoeur","isPartOf":{"@id":"https:\/\/avecoeur.com\/#website"},"primaryImageOfPage":{"@id":"https:\/\/avecoeur.com\/fr\/ameublement-et-decoration\/#primaryimage"},"image":{"@id":"https:\/\/avecoeur.com\/fr\/ameublement-et-decoration\/#primaryimage"},"thumbnailUrl":"https:\/\/e6j3epm9rsf.exactdn.com\/wp-content\/uploads\/2021\/02\/Villa-20-13.jpg?strip=all","datePublished":"2021-12-21T18:11:27+00:00","dateModified":"2021-12-22T13:52:45+00:00","description":"Afin de simplifier au maximum le processus d'achat, nous proposons un service de s\u00e9lection et d'installation d'ameublement, de d\u00e9coration et de cuisine.","breadcrumb":{"@id":"https:\/\/avecoeur.com\/fr\/ameublement-et-decoration\/#breadcrumb"},"inLanguage":"fr-FR","potentialAction":[{"@type":"ReadAction","target":["https:\/\/avecoeur.com\/fr\/ameublement-et-decoration\/"]}]},{"@type":"ImageObject","inLanguage":"fr-FR","@id":"https:\/\/avecoeur.com\/fr\/ameublement-et-decoration\/#primaryimage","url":"https:\/\/e6j3epm9rsf.exactdn.com\/wp-content\/uploads\/2021\/02\/Villa-20-13.jpg?strip=all","contentUrl":"https:\/\/e6j3epm9rsf.exactdn.com\/wp-content\/uploads\/2021\/02\/Villa-20-13.jpg?strip=all","width":1920,"height":1440,"caption":"Kitchen Villa 20 La Foret d'Armotte, Saint Augustin"},{"@type":"BreadcrumbList","@id":"https:\/\/avecoeur.com\/fr\/ameublement-et-decoration\/#breadcrumb","itemListElement":[{"@type":"ListItem","position":1,"name":"Home","item":"https:\/\/avecoeur.com\/fr\/"},{"@type":"ListItem","position":2,"name":"Ameublement et d\u00e9coration"}]},{"@type":"WebSite","@id":"https:\/\/avecoeur.com\/#website","url":"https:\/\/avecoeur.com\/","name":"Avecoeur","description":"Rent or buy your dream property in France","publisher":{"@id":"https:\/\/avecoeur.com\/#organization"},"potentialAction":[{"@type":"SearchAction","target":{"@type":"EntryPoint","urlTemplate":"https:\/\/avecoeur.com\/?s={search_term_string}"},"query-input":{"@type":"PropertyValueSpecification","valueRequired":true,"valueName":"search_term_string"}}],"inLanguage":"fr-FR"},{"@type":"Organization","@id":"https:\/\/avecoeur.com\/#organization","name":"Avecoeur","url":"https:\/\/avecoeur.com\/","logo":{"@type":"ImageObject","inLanguage":"fr-FR","@id":"https:\/\/avecoeur.com\/#\/schema\/logo\/image\/","url":"https:\/\/avecoeur.com\/wp-content\/uploads\/2021\/12\/logo-color.png","contentUrl":"https:\/\/avecoeur.com\/wp-content\/uploads\/2021\/12\/logo-color.png","width":216,"height":56,"caption":"Avecoeur"},"image":{"@id":"https:\/\/avecoeur.com\/#\/schema\/logo\/image\/"},"sameAs":["https:\/\/www.facebook.com\/Avecoeur-100378401788754\/"]}]}},"_links":{"self":[{"href":"https:\/\/avecoeur.com\/fr\/wp-json\/wp\/v2\/pages\/5112","targetHints":{"allow":["GET"]}}],"collection":[{"href":"https:\/\/avecoeur.com\/fr\/wp-json\/wp\/v2\/pages"}],"about":[{"href":"https:\/\/avecoeur.com\/fr\/wp-json\/wp\/v2\/types\/page"}],"author":[{"embeddable":true,"href":"https:\/\/avecoeur.com\/fr\/wp-json\/wp\/v2\/users\/2"}],"replies":[{"embeddable":true,"href":"https:\/\/avecoeur.com\/fr\/wp-json\/wp\/v2\/comments?post=5112"}],"version-history":[{"count":8,"href":"https:\/\/avecoeur.com\/fr\/wp-json\/wp\/v2\/pages\/5112\/revisions"}],"predecessor-version":[{"id":10144,"href":"https:\/\/avecoeur.com\/fr\/wp-json\/wp\/v2\/pages\/5112\/revisions\/10144"}],"wp:featuredmedia":[{"embeddable":true,"href":"https:\/\/avecoeur.com\/fr\/wp-json\/wp\/v2\/media\/3643"}],"wp:attachment":[{"href":"https:\/\/avecoeur.com\/fr\/wp-json\/wp\/v2\/media?parent=5112"}],"curies":[{"name":"wp","href":"https:\/\/api.w.org\/{rel}","templated":true}]}}