{"id":3931,"date":"2021-10-18T15:59:47","date_gmt":"2021-10-18T15:59:47","guid":{"rendered":"https:\/\/avecoeur.com\/?page_id=3931"},"modified":"2021-11-23T13:30:52","modified_gmt":"2021-11-23T13:30:52","slug":"politique-de-confidentialte","status":"publish","type":"page","link":"https:\/\/avecoeur.com\/fr\/politique-de-confidentialte\/","title":{"rendered":"Politique de confidentialit\u00e9"},"content":{"rendered":"\n<section style=\"background-image: url(https:\/\/e6j3epm9rsf.exactdn.com\/wp-content\/uploads\/2021\/03\/AdobeStock_279550070.jpeg?strip=all); background-position: center center; background-size: cover;\"  class=\"animation-bg\">\n    <div class=\"container\">\n        <div class=\"title-content\">\n            <div data-aos=\"fade-up\">\n                <h1 class=\"title-page\">Politique de confidentialit\u00e9<\/h1>\n                                            <\/div>\n        <\/div>\n    <\/div>\n<\/section>\n\n\n<section>\n\t<div class=\"container\">\n\t\t<div class=\"single-content\">\n\t\t\t<p>Derni\u00e8re mise \u00e0 jour:<br \/>\n26.04.2021<br \/>\nVersion: 1.0<\/p>\n<p>Nous respectons votre droit \u00e0 la vie priv\u00e9e et avons mis en place des mesures de s\u00e9curit\u00e9 pour vos donn\u00e9es personnelles, tout en veillant \u00e0 ce que vos donn\u00e9es personnelles soient g\u00e9r\u00e9es conform\u00e9ment aux r\u00e9glementations applicables en mati\u00e8re de confidentialit\u00e9 des donn\u00e9es.<\/p>\n<p>Veuillez noter que Avecoeur est responsable du traitement de vos donn\u00e9es personnelles. Les principes \u00e9nonc\u00e9s dans cet avis de confidentialit\u00e9 s&rsquo;appliquent \u00e0 tous les cas dans lesquels Avecoeur re\u00e7oit vos donn\u00e9es personnelles en tant que responsable du traitement aux fins d\u00e9crite dans cet avis. Ces finalit\u00e9s sont le traitement de donn\u00e9es afin de participer aux diff\u00e9rentes activit\u00e9s disponibles sur ce site internet ou telles que mentionn\u00e9es ci-dessous.<\/p>\n<p>Cette politique de confidentialit\u00e9 explique quelles informations nous collectons via le site internet, quand nous les collectons, comment nous les utilisons, comment elles sont s\u00e9curis\u00e9es et vos droits concernant vos donn\u00e9es personnelles.<\/p>\n<h3>1. Les informations collect\u00e9es<\/h3>\n<p>Les donn\u00e9es personnelles que nous collectons via le site internet ne sont collect\u00e9es qu&rsquo;une seule fois que nous avons obtenu votre consentement pour le faire, ou si cela est n\u00e9cessaire pour vous fournir (et am\u00e9liorer) notre service.<\/p>\n<p><strong>1.a) Les informations que vous nous fournissez<\/strong><br \/>\nLors de l&rsquo;utilisation du site, vous pouvez fournir des donn\u00e9es personnelles que nous collectons. Des exemples de donn\u00e9es personnelles incluent le nom, le num\u00e9ro de t\u00e9l\u00e9phone, l&rsquo;adresse e-mail et les informations de facturation. Vous pouvez nous fournir des donn\u00e9es personnelles de diff\u00e9rentes mani\u00e8re sur notre site internet, par exemple lorsque vous remplissez le formulaire de contact sur le site.<\/p>\n<p><strong>1.b) Les informations collect\u00e9es automatiquement<\/strong><br \/>\nLorsqu&rsquo;un utilisateur visite notre site internet, nous collectons automatiquement des informations \u00e0 partir de l&rsquo;appareil de l&rsquo;utilisateur, en utilisant diverses technologies telles que les cookies. Des exemples d&rsquo;informations collect\u00e9es automatiquement incluent: l&rsquo;adresse IP, le navigateur Web, le type d&rsquo;appareil et les pages web\/sites web visit\u00e9s avant d&rsquo;utiliser le site. Nous pouvons \u00e9galement utiliser la technologie pour rassembler des informations concernant l&rsquo;interaction d&rsquo;un utilisateur avec les messages \u00e9lectroniques que nous envoyons, tels que les donn\u00e9es d&rsquo;ouverture et click data.Lo<\/p>\n<p><strong>1.c) Les informations provenant d&rsquo;autres sources<\/strong><br \/>\nNous pouvons collecter des informations, y compris des donn\u00e9es personnelles, aupr\u00e8s de tiers et de sources, telles que nos partenaires, annonceurs et service int\u00e9gr\u00e9s. Si nous associons ou combinons des informations provenant d&rsquo;autres sources avec des donn\u00e9es personnelles que nous collectons via ce site internet, nous traiterons ces informations comme des donn\u00e9es personnelles conform\u00e9ment \u00e0 la politique de confidentialit\u00e9.<\/p>\n<h3>2. Protection de la vie priv\u00e9e des enfants<\/h3>\n<p>Nos services ne sont pas con\u00e7us pour, ou destin\u00e9s intentionnellement, aux personnes de 18 ans ou moins. Nous ne collectons ni ne conservons intentionnellement des donn\u00e9es sur des personnes de moins de 18 ans via ce site internet.<\/p>\n<h3>3. Comment nous utilisons les informations collect\u00e9es<\/h3>\n<p>Nous utilisons les informations collect\u00e9es de diverses mani\u00e8res pour fournir notre service, notamment les suivantes:<\/p>\n<p><strong>3.a) Operations<\/strong><br \/>\nNous utilisons les informations pour exploiter et am\u00e9liorer toutes les fonctionnalit\u00e9s de ce site internet, pour fournir les services et les informations demand\u00e9s par les visiteurs du site internet.<\/p>\n<p><strong>3.b) Am\u00e9lioration du site internet<\/strong><br \/>\nNous utilisons les informations pour comprendre et analyser les pr\u00e9f\u00e9rences et le comportement des utilisateurs du site internet. Cela nous permet d&rsquo;am\u00e9liorer la fonctionnalit\u00e9 du service que nous fournissons et de d\u00e9velopper de nouveaux services et fonctionnalit\u00e9s. Toutes les donn\u00e9es utilis\u00e9es \u00e0 cette fin sont trait\u00e9es sous forme anonyme.<\/p>\n<p><strong>3.c) Communications<\/strong><br \/>\nNous pouvons utiliser les informations de contact pour contacter les utilisateurs du site internet \u00e0 des fins administratives et avec des mise \u00e0 jour relatives aux produits et services que nous proposons. Vous avez la possibilit\u00e9 de vous d\u00e9sinscrire de toute communication promotionnelle conform\u00e9ment \u00e0 la section ci-dessous, sous &lsquo;Vos droits&rsquo;.<\/p>\n<p><strong>3.d) Cookies et Technologies de suivi<\/strong><br \/>\nNous utilisons des informations collect\u00e9es automatiquement et d&rsquo;autres informations recueillis sur ce site internet par le biais de cookies et de technologies de suivi similaires. Cela nous aide \u00e0 personnaliser notre service, par exemple:<\/p>\n<ul>\n<li>La m\u00e9morisation des informations saisies par l&rsquo;utilisateur sur le site internet lors de visites pr\u00e9c\u00e9dentes, de sorte que l&rsquo;utilisateur n&rsquo;ait pas \u00e0 les saisir \u00e0 nouveau lors de visites ult\u00e9rieures<\/li>\n<li>Fournir des publicit\u00e9s, des contenus et des informations personnalis\u00e9s<\/li>\n<li>Contr\u00f4ler et analyser l&rsquo;efficacit\u00e9 du site internet et des activit\u00e9s de marketing de tiers<\/li>\n<li>Contr\u00f4ler les param\u00e8tres globaux d&rsquo;utilisation du site, tels que le nombre total de visiteurs consult\u00e9es<\/li>\n<li>Suivez vos entr\u00e9es et vos soumissions sur le site internet.<\/li>\n<\/ul>\n<p>Pour en savoir plus sur notre politique en mati\u00e8re de cookies, cliquez ici.<\/p>\n<p><strong>3.e) Analytics<\/strong><br \/>\nNous utilisons Google Analytics pour mesurer et \u00e9valuer le trafic sur le site. Google fonctionne de mani\u00e8re ind\u00e9pendante et poss\u00e8de ses propres r\u00e8gles de confidentialit\u00e9, \u00a0que vous pouvez consulter ici:<\/p>\n<p>Ces donn\u00e9es sont collect\u00e9es sous une forme non identifiable et nous n&rsquo;utilisons pas ces informations pour tenter d&rsquo;identifier les utilisateurs du site internet.<\/p>\n<h3>4. La dur\u00e9e de conservation de vos donn\u00e9es<\/h3>\n<p>Nous conservons vos informations que le temps n\u00e9cessaire aux fins \u00e9nonc\u00e9es dans la pr\u00e9sente politique de confidentialit\u00e9. Nous pouvons \u00e9galement conserver des fichiers journaux \u00e0 des fins d&rsquo;analyse- ces fichiers journaux sont g\u00e9n\u00e9ralement \u00a0conserv\u00e9s pendant une courte p\u00e9riode, sauf dans les cas o\u00f9 les informations sont utilis\u00e9es pour la s\u00e9curit\u00e9 du site internet, l&rsquo;am\u00e9lioration de la fonctionnalit\u00e9 du site, et dans le cas o\u00f9 nous sommes l\u00e9galement oblig\u00e9s de conserver les informations pendant des p\u00e9riodes plus longues.<\/p>\n<h3>5. Comment nous prot\u00e9geons vos donn\u00e9es<\/h3>\n<p>Nous prenons la s\u00e9curit\u00e9 tr\u00e8s au s\u00e9rieux et nous nous engageons \u00e0 assurer la s\u00e9curit\u00e9 de vos informations. Bien que nous nous efforcions d&rsquo;assurer la s\u00e9curit\u00e9 de nos syst\u00e8mes et des informations que nous d\u00e9tenons, aucun service n&rsquo;est garanti comme \u00e9tant totalement s\u00fbr. Si vous pensez que vos informations personnelles ont \u00e9t\u00e9 mises en danger, veuillez nous contacter imm\u00e9diatement.<\/p>\n<h3>6. Lorsque vos informations sont partag\u00e9es avec d&rsquo;autres personnes<\/h3>\n<p>Nous ne vendrons jamais vos informations personnelles. Nous pouvons le partager avec d&rsquo;autres de la mani\u00e8re suivante:<\/p>\n<p><strong>6.a) Lorsque nous faisons appel \u00e0 d&rsquo;autres entreprises pour fournir un service<\/strong><br \/>\nNous travaillons avec des services tiers qui nous fournissent des services de d\u00e9veloppement, d&rsquo;h\u00e9bergement et de maintenance de sites internet, ainsi que d&rsquo;autres services. Ces tiers peuvent avoir acc\u00e8s \u00e0 des donn\u00e9es personnelles ou les traiter dans le cadre de la prestation de ces services pour nous. Nous limitons les informations fournies \u00e0 ce qui est raisonnablement n\u00e9cessaire pour remplir ces fonctions , et nous exigeons qu&rsquo;ils traitent vos informations personnelles comme si nous les traitions directement.<\/p>\n<p><strong>6.b) Informations non personnelles identifiables<\/strong><br \/>\nNous utilisons des informations agr\u00e9g\u00e9es ou non identifiables personnellement \u00e0 diverses fins, notamment pour mesurer et analyser l&rsquo;utilisation du site, administrer le syst\u00e8me et am\u00e9liorer notre site. Nous pouvons \u00e9galement divulguer ces informations non personnellement identifiables \u00e0 des tiers, notamment des annonceurs, des vendeurs et des chercheurs.<\/p>\n<p><strong>6.c) Respect de la loi<\/strong><br \/>\nNous pouvons divulguer des donn\u00e9es personnelles si la loi l&rsquo;exige, ou pour coop\u00e9rer avec les forces de l&rsquo;ordre ou les organismes gouvernementaux. Nous nous r\u00e9servons le droit de divulguer des donn\u00e9es personnelles afin de nous pr\u00e9munir contre toute responsabilit\u00e9, ou de nous prot\u00e9ger ou prot\u00e9ger d&rsquo;autres personnes contre des utilisations ou des activit\u00e9s frauduleuses ou ill\u00e9gales.<\/p>\n<h3>7. Vos droits<\/h3>\n<p>Vous avez le droit:<\/p>\n<ul>\n<li>Demander une copie des informations que nous d\u00e9tenons sur vous.<\/li>\n<li>Demandez-nous de corriger, de supprimer ou d&rsquo;utiliser vos informations uniquement \u00e0 certaines fins.<\/li>\n<li>Vous pouvez changer d&rsquo;avis \u00e0 tout moment et nous demander de cesser d&rsquo;utiliser vos informations, par exemple en vous d\u00e9sabonnant des courriels de marketing ou en d\u00e9sactivant les cookies.<\/li>\n<\/ul>\n<p>Les exceptions \u00e0 ces droits sont les suivantes: Lorsque l&rsquo;acc\u00e8s aux donn\u00e9es personnelles r\u00e9v\u00e9lerait des informations personnelles sur un autre individu, ou si nous sommes l\u00e9galement emp\u00each\u00e9s de divulguer ces informations. En outre, nous pouvons conserver des donn\u00e9es m\u00eame si vous retirez votre consentement, lorsque nous pouvons d\u00e9montrer que nous avons une obligation l\u00e9gale de traiter vos donn\u00e9es.<\/p>\n<h3>8. Liens vers d&rsquo;autres sites internet<\/h3>\n<p><span style=\"font-size: 16px;\">Ce site internet peut contenir des liens vers d&rsquo;autres sites internet qui \u00e9chappent \u00e0 notre contr\u00f4le et, en tant que tels, ne sont pas couverts par la pr\u00e9sente politique de confidentialit\u00e9. Si vous acc\u00e9dez \u00e0 un autre site internet via un lien sur ce site, les op\u00e9rateurs de ces sites peuvent collecter vos informations conform\u00e9ment \u00e0 leur propre politique de confidentialit\u00e9. Vous devrez lire la politique de confidentialit\u00e9 de ce site internet pour savoir si\/comment ils collectent et\/ou utilisent vos informations.<\/span><\/p>\n<h3>9. Modifications des termes de la pr\u00e9sente politique de confidentialit\u00e9<\/h3>\n<p>Veuillez consulter r\u00e9guli\u00e8rement cette page pour prendre connaissance des modifications apport\u00e9es \u00e0 cette politique de confidentialit\u00e9, que nous pouvons mettre \u00e0 jour de temps \u00e0 autre. Si nous modifions la notice, nous indiquerons le num\u00e9ro de version et la date de la derni\u00e8re r\u00e9vision en haut de cette page. Si nous estimons que les modifications sont importantes, nous vous en informerons soit: (1) en publiant les modifications sur ce site (2) en vous envoyant un e-mail pour vous informer des modifications. Si vous continuez \u00e0 utiliser nos services apr\u00e8s l&rsquo;entr\u00e9e en vigueur de la politique de confidentialit\u00e9, cela signifie que vous avez lu, compris et accept\u00e9 la version actuelle de la politique.<\/p>\n<h3>10. Pour nous contacter<\/h3>\n<p>Si vous avez des questions sur cette politique de confidentialit\u00e9 ou sur vos droits, ou si vous pensez que vos donn\u00e9es personnelles ont \u00e9t\u00e9 mal utilis\u00e9es ou mal g\u00e9r\u00e9es, vous pouvez nous contacter aux coordonn\u00e9es suivantes:<\/p>\n<p>par e-mail:<br \/>\ninfo@avecoeur.com<\/p>\n<p>Par t\u00e9l\u00e9phone:<br \/>\n+44 20 3597 7030<\/p>\n<p>Par poste:<\/p>\n<pre>La Foret d'Armotte, 18 Rue de la Bessure, 17570 Saint-Augustin, France<\/pre>\n<p>Vous pouvez \u00e9galement vous adresser directement au commissaire \u00e0 l&rsquo;information, qui est un organisme de r\u00e9glementation ind\u00e9pendant.<\/p>\n<p>casework@ico.org.uk<br \/>\nTelephone: 0303 123 1113<br \/>\nTextphone: 01625 545860<br \/>\nlundi au vendredi, 9am to 4:30pm<\/p>\n<p>Information Commissioner\u2019s Office<br \/>\nWycliffe House<br \/>\nWater Lane<br \/>\nWilmslow<br \/>\nCheshire SK9 5AF<\/p>\n\t\t<\/div>\n\t<\/div>\n<\/section>","protected":false},"excerpt":{"rendered":"","protected":false},"author":1,"featured_media":0,"parent":0,"menu_order":11,"comment_status":"closed","ping_status":"closed","template":"","meta":{"footnotes":""},"class_list":["post-3931","page","type-page","status-publish","hentry"],"acf":[],"yoast_head":"<!-- This site is optimized with the Yoast SEO plugin v27.5 - https:\/\/yoast.com\/product\/yoast-seo-wordpress\/ -->\n<title>Politique de confidentialit\u00e9 - Avecoeur<\/title>\n<meta name=\"description\" content=\"La politique de confidentialit\u00e9 est un document expliquant en d\u00e9tail les modalit\u00e9s de traitement des donn\u00e9es personnelles\" \/>\n<meta name=\"robots\" content=\"index, follow, max-snippet:-1, max-image-preview:large, max-video-preview:-1\" \/>\n<link rel=\"canonical\" href=\"https:\/\/avecoeur.com\/fr\/politique-de-confidentialte\/\" \/>\n<meta property=\"og:locale\" content=\"fr_FR\" \/>\n<meta property=\"og:type\" content=\"article\" \/>\n<meta property=\"og:title\" content=\"Politique de confidentialit\u00e9 - Avecoeur\" \/>\n<meta property=\"og:description\" content=\"La politique de confidentialit\u00e9 est un document expliquant en d\u00e9tail les modalit\u00e9s de traitement des donn\u00e9es personnelles\" \/>\n<meta property=\"og:url\" content=\"https:\/\/avecoeur.com\/fr\/politique-de-confidentialte\/\" \/>\n<meta property=\"og:site_name\" content=\"Avecoeur\" \/>\n<meta property=\"article:publisher\" content=\"https:\/\/www.facebook.com\/Avecoeur-100378401788754\/\" \/>\n<meta property=\"article:modified_time\" content=\"2021-11-23T13:30:52+00:00\" \/>\n<meta name=\"twitter:card\" content=\"summary_large_image\" \/>\n<script type=\"application\/ld+json\" class=\"yoast-schema-graph\">{\"@context\":\"https:\\\/\\\/schema.org\",\"@graph\":[{\"@type\":\"WebPage\",\"@id\":\"https:\\\/\\\/avecoeur.com\\\/fr\\\/politique-de-confidentialte\\\/\",\"url\":\"https:\\\/\\\/avecoeur.com\\\/fr\\\/politique-de-confidentialte\\\/\",\"name\":\"Politique de confidentialit\u00e9 - Avecoeur\",\"isPartOf\":{\"@id\":\"https:\\\/\\\/avecoeur.com\\\/#website\"},\"datePublished\":\"2021-10-18T15:59:47+00:00\",\"dateModified\":\"2021-11-23T13:30:52+00:00\",\"description\":\"La politique de confidentialit\u00e9 est un document expliquant en d\u00e9tail les modalit\u00e9s de traitement des donn\u00e9es personnelles\",\"breadcrumb\":{\"@id\":\"https:\\\/\\\/avecoeur.com\\\/fr\\\/politique-de-confidentialte\\\/#breadcrumb\"},\"inLanguage\":\"fr-FR\",\"potentialAction\":[{\"@type\":\"ReadAction\",\"target\":[\"https:\\\/\\\/avecoeur.com\\\/fr\\\/politique-de-confidentialte\\\/\"]}]},{\"@type\":\"BreadcrumbList\",\"@id\":\"https:\\\/\\\/avecoeur.com\\\/fr\\\/politique-de-confidentialte\\\/#breadcrumb\",\"itemListElement\":[{\"@type\":\"ListItem\",\"position\":1,\"name\":\"Home\",\"item\":\"https:\\\/\\\/avecoeur.com\\\/fr\\\/\"},{\"@type\":\"ListItem\",\"position\":2,\"name\":\"Politique de confidentialit\u00e9\"}]},{\"@type\":\"WebSite\",\"@id\":\"https:\\\/\\\/avecoeur.com\\\/#website\",\"url\":\"https:\\\/\\\/avecoeur.com\\\/\",\"name\":\"Avecoeur\",\"description\":\"Rent or buy your dream property in France\",\"publisher\":{\"@id\":\"https:\\\/\\\/avecoeur.com\\\/#organization\"},\"potentialAction\":[{\"@type\":\"SearchAction\",\"target\":{\"@type\":\"EntryPoint\",\"urlTemplate\":\"https:\\\/\\\/avecoeur.com\\\/?s={search_term_string}\"},\"query-input\":{\"@type\":\"PropertyValueSpecification\",\"valueRequired\":true,\"valueName\":\"search_term_string\"}}],\"inLanguage\":\"fr-FR\"},{\"@type\":\"Organization\",\"@id\":\"https:\\\/\\\/avecoeur.com\\\/#organization\",\"name\":\"Avecoeur\",\"url\":\"https:\\\/\\\/avecoeur.com\\\/\",\"logo\":{\"@type\":\"ImageObject\",\"inLanguage\":\"fr-FR\",\"@id\":\"https:\\\/\\\/avecoeur.com\\\/#\\\/schema\\\/logo\\\/image\\\/\",\"url\":\"https:\\\/\\\/avecoeur.com\\\/wp-content\\\/uploads\\\/2021\\\/12\\\/logo-color.png\",\"contentUrl\":\"https:\\\/\\\/avecoeur.com\\\/wp-content\\\/uploads\\\/2021\\\/12\\\/logo-color.png\",\"width\":216,\"height\":56,\"caption\":\"Avecoeur\"},\"image\":{\"@id\":\"https:\\\/\\\/avecoeur.com\\\/#\\\/schema\\\/logo\\\/image\\\/\"},\"sameAs\":[\"https:\\\/\\\/www.facebook.com\\\/Avecoeur-100378401788754\\\/\"]}]}<\/script>\n<!-- \/ Yoast SEO plugin. -->","yoast_head_json":{"title":"Politique de confidentialit\u00e9 - Avecoeur","description":"La politique de confidentialit\u00e9 est un document expliquant en d\u00e9tail les modalit\u00e9s de traitement des donn\u00e9es personnelles","robots":{"index":"index","follow":"follow","max-snippet":"max-snippet:-1","max-image-preview":"max-image-preview:large","max-video-preview":"max-video-preview:-1"},"canonical":"https:\/\/avecoeur.com\/fr\/politique-de-confidentialte\/","og_locale":"fr_FR","og_type":"article","og_title":"Politique de confidentialit\u00e9 - Avecoeur","og_description":"La politique de confidentialit\u00e9 est un document expliquant en d\u00e9tail les modalit\u00e9s de traitement des donn\u00e9es personnelles","og_url":"https:\/\/avecoeur.com\/fr\/politique-de-confidentialte\/","og_site_name":"Avecoeur","article_publisher":"https:\/\/www.facebook.com\/Avecoeur-100378401788754\/","article_modified_time":"2021-11-23T13:30:52+00:00","twitter_card":"summary_large_image","schema":{"@context":"https:\/\/schema.org","@graph":[{"@type":"WebPage","@id":"https:\/\/avecoeur.com\/fr\/politique-de-confidentialte\/","url":"https:\/\/avecoeur.com\/fr\/politique-de-confidentialte\/","name":"Politique de confidentialit\u00e9 - Avecoeur","isPartOf":{"@id":"https:\/\/avecoeur.com\/#website"},"datePublished":"2021-10-18T15:59:47+00:00","dateModified":"2021-11-23T13:30:52+00:00","description":"La politique de confidentialit\u00e9 est un document expliquant en d\u00e9tail les modalit\u00e9s de traitement des donn\u00e9es personnelles","breadcrumb":{"@id":"https:\/\/avecoeur.com\/fr\/politique-de-confidentialte\/#breadcrumb"},"inLanguage":"fr-FR","potentialAction":[{"@type":"ReadAction","target":["https:\/\/avecoeur.com\/fr\/politique-de-confidentialte\/"]}]},{"@type":"BreadcrumbList","@id":"https:\/\/avecoeur.com\/fr\/politique-de-confidentialte\/#breadcrumb","itemListElement":[{"@type":"ListItem","position":1,"name":"Home","item":"https:\/\/avecoeur.com\/fr\/"},{"@type":"ListItem","position":2,"name":"Politique de confidentialit\u00e9"}]},{"@type":"WebSite","@id":"https:\/\/avecoeur.com\/#website","url":"https:\/\/avecoeur.com\/","name":"Avecoeur","description":"Rent or buy your dream property in France","publisher":{"@id":"https:\/\/avecoeur.com\/#organization"},"potentialAction":[{"@type":"SearchAction","target":{"@type":"EntryPoint","urlTemplate":"https:\/\/avecoeur.com\/?s={search_term_string}"},"query-input":{"@type":"PropertyValueSpecification","valueRequired":true,"valueName":"search_term_string"}}],"inLanguage":"fr-FR"},{"@type":"Organization","@id":"https:\/\/avecoeur.com\/#organization","name":"Avecoeur","url":"https:\/\/avecoeur.com\/","logo":{"@type":"ImageObject","inLanguage":"fr-FR","@id":"https:\/\/avecoeur.com\/#\/schema\/logo\/image\/","url":"https:\/\/avecoeur.com\/wp-content\/uploads\/2021\/12\/logo-color.png","contentUrl":"https:\/\/avecoeur.com\/wp-content\/uploads\/2021\/12\/logo-color.png","width":216,"height":56,"caption":"Avecoeur"},"image":{"@id":"https:\/\/avecoeur.com\/#\/schema\/logo\/image\/"},"sameAs":["https:\/\/www.facebook.com\/Avecoeur-100378401788754\/"]}]}},"_links":{"self":[{"href":"https:\/\/avecoeur.com\/fr\/wp-json\/wp\/v2\/pages\/3931","targetHints":{"allow":["GET"]}}],"collection":[{"href":"https:\/\/avecoeur.com\/fr\/wp-json\/wp\/v2\/pages"}],"about":[{"href":"https:\/\/avecoeur.com\/fr\/wp-json\/wp\/v2\/types\/page"}],"author":[{"embeddable":true,"href":"https:\/\/avecoeur.com\/fr\/wp-json\/wp\/v2\/users\/1"}],"replies":[{"embeddable":true,"href":"https:\/\/avecoeur.com\/fr\/wp-json\/wp\/v2\/comments?post=3931"}],"version-history":[{"count":13,"href":"https:\/\/avecoeur.com\/fr\/wp-json\/wp\/v2\/pages\/3931\/revisions"}],"predecessor-version":[{"id":4785,"href":"https:\/\/avecoeur.com\/fr\/wp-json\/wp\/v2\/pages\/3931\/revisions\/4785"}],"wp:attachment":[{"href":"https:\/\/avecoeur.com\/fr\/wp-json\/wp\/v2\/media?parent=3931"}],"curies":[{"name":"wp","href":"https:\/\/api.w.org\/{rel}","templated":true}]}}