{"id":1324,"date":"2021-02-26T05:14:45","date_gmt":"2021-02-26T05:14:45","guid":{"rendered":"https:\/\/avecoeur.com\/property-alerts-page\/"},"modified":"2021-11-24T21:07:39","modified_gmt":"2021-11-24T21:07:39","slug":"property-alerts-page","status":"publish","type":"page","link":"https:\/\/avecoeur.com\/fr\/property-alerts-page\/","title":{"rendered":"Page des alertes immobili\u00e8res"},"content":{"rendered":"\n<section style=\"background-image: url(https:\/\/e6j3epm9rsf.exactdn.com\/wp-content\/uploads\/2021\/02\/property-alerts-banner.jpg?strip=all); background-position: center center; background-size: cover;\"  class=\"animation-bg\">\n    <div class=\"container\">\n        <div class=\"title-content\">\n            <div data-aos=\"fade-up\">\n                <h1 class=\"title-page\">Alertes immobili\u00e8res en France<\/h1>\n                                            <\/div>\n        <\/div>\n    <\/div>\n<\/section>\n\n\n<section>\n\t<div class=\"container\">\n\t\t<div class=\"single-content property-alerts\">\n\t\t\t\t\t\t\t<h3 class=\"title-h3\">Laissez-nous vous pr\u00e9venir lorsqu&rsquo;une propri\u00e9t\u00e9 fran\u00e7aise correspondant \u00e0 vos besoins arrive sur le march\u00e9<\/h3>\n\t\t\t\t\t\t<p>Si vous ne trouvez pas de propri\u00e9t\u00e9 qui vous corresponde pour le moment, vous pouvez nous demander de vous envoyer un e-mail lorsqu&rsquo;une propri\u00e9t\u00e9 sera mise sur le march\u00e9.<br \/>\nVous devez d&rsquo;abord vous inscrire en tant qu&rsquo;utilisateur d&rsquo;Avecoeur ( si vous ne l&rsquo;avez pas d\u00e9j\u00e0 fait) et vous connecter \u00e0 votre compte.<br \/>\nVous pouvez ensuite cliquer ici pour cr\u00e9er votre propre \u00ab\u00a0alerte immobili\u00e8re\u00a0\u00bb.<br \/>\n( Vous pouvez \u00e9galement cr\u00e9er une alerte immobili\u00e8re en effectuant simplement une recherche, en cliquant sur le bouton enregistrer la recherche et en l&rsquo;affinant ult\u00e9rieurement).<br \/>\nVous pouvez v\u00e9rifier, mettre en pause, modifier ou supprimer \u00a0vos alertes de propri\u00e9t\u00e9 ici \u00e0 tout moment.<\/p>\n<p><strong>Envoyez nous un Email ou appelez nous au \u00a0+44 (0) 203 59 77 030 pour toutes questions.<\/strong><\/p>\n\t\t<\/div>\n\t<\/div>\n<\/section>\n\n\n<section class=\"s-subscribe color-bg\">\n    <div class=\"container\">\n        <div class=\"subscribe-form-wrap coll-2\">\n\t\t\t            <h3 class=\"title-h3\">Abonnez-vous \u00e0 notre newsletter<\/h3>\n\t\t\t            <div>\n\t\t\t\t<script>(function() {\n\twindow.mc4wp = window.mc4wp || {\n\t\tlisteners: [],\n\t\tforms: {\n\t\t\ton: function(evt, cb) {\n\t\t\t\twindow.mc4wp.listeners.push(\n\t\t\t\t\t{\n\t\t\t\t\t\tevent   : evt,\n\t\t\t\t\t\tcallback: cb\n\t\t\t\t\t}\n\t\t\t\t);\n\t\t\t}\n\t\t}\n\t}\n})();\n<\/script><!-- Mailchimp for WordPress v4.10.6 - https:\/\/wordpress.org\/plugins\/mailchimp-for-wp\/ --><form id=\"mc4wp-form-1\" class=\"mc4wp-form mc4wp-form-5683\" method=\"post\" data-id=\"5683\" data-name=\"Inscription \u00e0 la newsletter\" ><div class=\"mc4wp-form-fields\"><div class=\"form-group\">  \t\n     <input type=\"email\" name=\"EMAIL\" class=\"form-control\" placeholder=\"saisissez votre adresse e-mail\" required=\"\">\n<\/div>\n<button class=\"btn white\">soumettre<\/button>\n      <label>\n        <input name=\"AGREE_TO_TERMS\" type=\"checkbox\" value=\"1\" required=\"\">J&rsquo;accepte de recevoir des emails d&rsquo;Avecoeur et de son partenaire Leapfrog Properties.\n\t<\/label><\/div><label style=\"display: none !important;\">Laissez ce champ vide si vous \u00eates humain\u00a0: <input type=\"text\" name=\"_mc4wp_honeypot\" value=\"\" tabindex=\"-1\" autocomplete=\"off\" \/><\/label><input type=\"hidden\" name=\"_mc4wp_timestamp\" value=\"1776383358\" \/><input type=\"hidden\" name=\"_mc4wp_form_id\" value=\"5683\" \/><input type=\"hidden\" name=\"_mc4wp_form_element_id\" value=\"mc4wp-form-1\" \/><div class=\"mc4wp-response\"><\/div><\/form><!-- \/ Mailchimp for WordPress Plugin -->                            <\/div>\n        <\/div>\n    <\/div>\n<\/section>","protected":false},"excerpt":{"rendered":"","protected":false},"author":1,"featured_media":0,"parent":0,"menu_order":25,"comment_status":"closed","ping_status":"closed","template":"","meta":{"footnotes":""},"class_list":["post-1324","page","type-page","status-publish","hentry"],"acf":[],"yoast_head":"<!-- This site is optimized with the Yoast SEO plugin v27.4 - https:\/\/yoast.com\/product\/yoast-seo-wordpress\/ -->\n<title>Page des alertes immobili\u00e8res - Avecoeur<\/title>\n<meta name=\"robots\" content=\"index, follow, max-snippet:-1, max-image-preview:large, max-video-preview:-1\" \/>\n<link rel=\"canonical\" href=\"https:\/\/avecoeur.com\/fr\/property-alerts-page\/\" \/>\n<meta property=\"og:locale\" content=\"fr_FR\" \/>\n<meta property=\"og:type\" content=\"article\" \/>\n<meta property=\"og:title\" content=\"Page des alertes immobili\u00e8res - Avecoeur\" \/>\n<meta property=\"og:url\" content=\"https:\/\/avecoeur.com\/fr\/property-alerts-page\/\" \/>\n<meta property=\"og:site_name\" content=\"Avecoeur\" \/>\n<meta property=\"article:publisher\" content=\"https:\/\/www.facebook.com\/Avecoeur-100378401788754\/\" \/>\n<meta property=\"article:modified_time\" content=\"2021-11-24T21:07:39+00:00\" \/>\n<meta name=\"twitter:card\" content=\"summary_large_image\" \/>\n<script type=\"application\/ld+json\" class=\"yoast-schema-graph\">{\"@context\":\"https:\\\/\\\/schema.org\",\"@graph\":[{\"@type\":\"WebPage\",\"@id\":\"https:\\\/\\\/avecoeur.com\\\/fr\\\/property-alerts-page\\\/\",\"url\":\"https:\\\/\\\/avecoeur.com\\\/fr\\\/property-alerts-page\\\/\",\"name\":\"Page des alertes immobili\u00e8res - Avecoeur\",\"isPartOf\":{\"@id\":\"https:\\\/\\\/avecoeur.com\\\/#website\"},\"datePublished\":\"2021-02-26T05:14:45+00:00\",\"dateModified\":\"2021-11-24T21:07:39+00:00\",\"breadcrumb\":{\"@id\":\"https:\\\/\\\/avecoeur.com\\\/fr\\\/property-alerts-page\\\/#breadcrumb\"},\"inLanguage\":\"fr-FR\",\"potentialAction\":[{\"@type\":\"ReadAction\",\"target\":[\"https:\\\/\\\/avecoeur.com\\\/fr\\\/property-alerts-page\\\/\"]}]},{\"@type\":\"BreadcrumbList\",\"@id\":\"https:\\\/\\\/avecoeur.com\\\/fr\\\/property-alerts-page\\\/#breadcrumb\",\"itemListElement\":[{\"@type\":\"ListItem\",\"position\":1,\"name\":\"Home\",\"item\":\"https:\\\/\\\/avecoeur.com\\\/fr\\\/\"},{\"@type\":\"ListItem\",\"position\":2,\"name\":\"Page des alertes immobili\u00e8res\"}]},{\"@type\":\"WebSite\",\"@id\":\"https:\\\/\\\/avecoeur.com\\\/#website\",\"url\":\"https:\\\/\\\/avecoeur.com\\\/\",\"name\":\"Avecoeur\",\"description\":\"Rent or buy your dream property in France\",\"publisher\":{\"@id\":\"https:\\\/\\\/avecoeur.com\\\/#organization\"},\"potentialAction\":[{\"@type\":\"SearchAction\",\"target\":{\"@type\":\"EntryPoint\",\"urlTemplate\":\"https:\\\/\\\/avecoeur.com\\\/?s={search_term_string}\"},\"query-input\":{\"@type\":\"PropertyValueSpecification\",\"valueRequired\":true,\"valueName\":\"search_term_string\"}}],\"inLanguage\":\"fr-FR\"},{\"@type\":\"Organization\",\"@id\":\"https:\\\/\\\/avecoeur.com\\\/#organization\",\"name\":\"Avecoeur\",\"url\":\"https:\\\/\\\/avecoeur.com\\\/\",\"logo\":{\"@type\":\"ImageObject\",\"inLanguage\":\"fr-FR\",\"@id\":\"https:\\\/\\\/avecoeur.com\\\/#\\\/schema\\\/logo\\\/image\\\/\",\"url\":\"https:\\\/\\\/avecoeur.com\\\/wp-content\\\/uploads\\\/2021\\\/12\\\/logo-color.png\",\"contentUrl\":\"https:\\\/\\\/avecoeur.com\\\/wp-content\\\/uploads\\\/2021\\\/12\\\/logo-color.png\",\"width\":216,\"height\":56,\"caption\":\"Avecoeur\"},\"image\":{\"@id\":\"https:\\\/\\\/avecoeur.com\\\/#\\\/schema\\\/logo\\\/image\\\/\"},\"sameAs\":[\"https:\\\/\\\/www.facebook.com\\\/Avecoeur-100378401788754\\\/\"]}]}<\/script>\n<!-- \/ Yoast SEO plugin. -->","yoast_head_json":{"title":"Page des alertes immobili\u00e8res - Avecoeur","robots":{"index":"index","follow":"follow","max-snippet":"max-snippet:-1","max-image-preview":"max-image-preview:large","max-video-preview":"max-video-preview:-1"},"canonical":"https:\/\/avecoeur.com\/fr\/property-alerts-page\/","og_locale":"fr_FR","og_type":"article","og_title":"Page des alertes immobili\u00e8res - Avecoeur","og_url":"https:\/\/avecoeur.com\/fr\/property-alerts-page\/","og_site_name":"Avecoeur","article_publisher":"https:\/\/www.facebook.com\/Avecoeur-100378401788754\/","article_modified_time":"2021-11-24T21:07:39+00:00","twitter_card":"summary_large_image","schema":{"@context":"https:\/\/schema.org","@graph":[{"@type":"WebPage","@id":"https:\/\/avecoeur.com\/fr\/property-alerts-page\/","url":"https:\/\/avecoeur.com\/fr\/property-alerts-page\/","name":"Page des alertes immobili\u00e8res - Avecoeur","isPartOf":{"@id":"https:\/\/avecoeur.com\/#website"},"datePublished":"2021-02-26T05:14:45+00:00","dateModified":"2021-11-24T21:07:39+00:00","breadcrumb":{"@id":"https:\/\/avecoeur.com\/fr\/property-alerts-page\/#breadcrumb"},"inLanguage":"fr-FR","potentialAction":[{"@type":"ReadAction","target":["https:\/\/avecoeur.com\/fr\/property-alerts-page\/"]}]},{"@type":"BreadcrumbList","@id":"https:\/\/avecoeur.com\/fr\/property-alerts-page\/#breadcrumb","itemListElement":[{"@type":"ListItem","position":1,"name":"Home","item":"https:\/\/avecoeur.com\/fr\/"},{"@type":"ListItem","position":2,"name":"Page des alertes immobili\u00e8res"}]},{"@type":"WebSite","@id":"https:\/\/avecoeur.com\/#website","url":"https:\/\/avecoeur.com\/","name":"Avecoeur","description":"Rent or buy your dream property in France","publisher":{"@id":"https:\/\/avecoeur.com\/#organization"},"potentialAction":[{"@type":"SearchAction","target":{"@type":"EntryPoint","urlTemplate":"https:\/\/avecoeur.com\/?s={search_term_string}"},"query-input":{"@type":"PropertyValueSpecification","valueRequired":true,"valueName":"search_term_string"}}],"inLanguage":"fr-FR"},{"@type":"Organization","@id":"https:\/\/avecoeur.com\/#organization","name":"Avecoeur","url":"https:\/\/avecoeur.com\/","logo":{"@type":"ImageObject","inLanguage":"fr-FR","@id":"https:\/\/avecoeur.com\/#\/schema\/logo\/image\/","url":"https:\/\/avecoeur.com\/wp-content\/uploads\/2021\/12\/logo-color.png","contentUrl":"https:\/\/avecoeur.com\/wp-content\/uploads\/2021\/12\/logo-color.png","width":216,"height":56,"caption":"Avecoeur"},"image":{"@id":"https:\/\/avecoeur.com\/#\/schema\/logo\/image\/"},"sameAs":["https:\/\/www.facebook.com\/Avecoeur-100378401788754\/"]}]}},"_links":{"self":[{"href":"https:\/\/avecoeur.com\/fr\/wp-json\/wp\/v2\/pages\/1324","targetHints":{"allow":["GET"]}}],"collection":[{"href":"https:\/\/avecoeur.com\/fr\/wp-json\/wp\/v2\/pages"}],"about":[{"href":"https:\/\/avecoeur.com\/fr\/wp-json\/wp\/v2\/types\/page"}],"author":[{"embeddable":true,"href":"https:\/\/avecoeur.com\/fr\/wp-json\/wp\/v2\/users\/1"}],"replies":[{"embeddable":true,"href":"https:\/\/avecoeur.com\/fr\/wp-json\/wp\/v2\/comments?post=1324"}],"version-history":[{"count":9,"href":"https:\/\/avecoeur.com\/fr\/wp-json\/wp\/v2\/pages\/1324\/revisions"}],"predecessor-version":[{"id":4808,"href":"https:\/\/avecoeur.com\/fr\/wp-json\/wp\/v2\/pages\/1324\/revisions\/4808"}],"wp:attachment":[{"href":"https:\/\/avecoeur.com\/fr\/wp-json\/wp\/v2\/media?parent=1324"}],"curies":[{"name":"wp","href":"https:\/\/api.w.org\/{rel}","templated":true}]}}