{"id":1320,"date":"2021-02-24T14:16:17","date_gmt":"2021-02-24T14:16:17","guid":{"rendered":"https:\/\/avecoeur.com\/property-management\/"},"modified":"2021-12-22T23:01:12","modified_gmt":"2021-12-22T23:01:12","slug":"gestion-de-la-propriete-en-france","status":"publish","type":"page","link":"https:\/\/avecoeur.com\/fr\/gestion-de-la-propriete-en-france\/","title":{"rendered":"Gestion de la propri\u00e9t\u00e9"},"content":{"rendered":"\n<section style=\"background-image: url(https:\/\/e6j3epm9rsf.exactdn.com\/wp-content\/uploads\/2021\/06\/AdobeStock_235889550.jpeg?strip=all); background-position: center center; background-size: cover;\"  class=\"animation-bg\">\n    <div class=\"container\">\n        <div class=\"title-content\">\n            <div data-aos=\"fade-up\">\n                <h1 class=\"title-page\">Gestion immobili\u00e8re en France<\/h1>\n                                <p>Que vous soyez un promoteur immobilier fran\u00e7ais \u00e0 la recherche d&rsquo;une soci\u00e9t\u00e9 de gestion exp\u00e9riment\u00e9e \u00e0 proposer \u00e0 ses clients ou que vous soyez un propri\u00e9taire de maison de vacances qui cherche \u00e0 louer sa propri\u00e9t\u00e9 fran\u00e7aise, Avecoeur peut vous fournir les services de gestion immobili\u00e8re que vous recherchez.<\/p>\n            <\/div>\n        <\/div>\n    <\/div>\n<\/section>\n\n\n<section>\n\t<div class=\"container\">\n\t\t<div class=\"single-content\">\n\t\t\t\t\t\t\t\t\t\n\t\t\t<div class=\"single-item coll-2\">\n\t\t\t\t<div class=\"single-item-info\" data-aos=\"fade-up\">\n\t\t\t\t\t<h2 class=\"title-h3\"><\/h2>\n\t\t\t\t\t<p>Avecoeur g\u00e8re \u00e0 la fois ses propres <a href=\"\/construction\/\">d\u00e9veloppements immobiliers<\/a>mais aussi des biens dans des d\u00e9veloppements d&rsquo;autres promoteurs en France. Nous appliquons les m\u00eames normes \u00e9lev\u00e9es pour la gestion de la location de ces autres r\u00e9sidences que pour la n\u00f4tre et nous incluons toujours la gestion des aspects de la location mais aussi de l&rsquo;entretien de la propri\u00e9t\u00e9 afin de garantir aux clients la meilleure exp\u00e9rience possible. Notre service de conciergerie fait partie int\u00e9grante de toutes les propri\u00e9t\u00e9s que nous g\u00e9rons, de sorte que les propri\u00e9taires et les clients payants peuvent b\u00e9n\u00e9ficier, par exemple, de la r\u00e9servation de forfaits de ski, de nounous, de chefs priv\u00e9s, de s\u00e9ances de massage ou d&rsquo;excursions de d\u00e9gustation de vin, pour n&rsquo;en citer que quelques-uns.<\/p>\n\t\t\t\t<\/div>\n\t\t\t\t<div class=\"img-full-block\" data-aos=\"zoom-in\">\n\t\t\t\t\t<img decoding=\"async\" src=\"https:\/\/e6j3epm9rsf.exactdn.com\/wp-content\/uploads\/2021\/04\/St-Restitut-LR-2015-63.jpg?strip=all&w=1920\" alt=\"img\">\n\t\t\t\t<\/div>\n\t\t\t<\/div>\n\t\t\t\t\t\t\n\t\t\t<div class=\"single-item coll-2\">\n\t\t\t\t<div class=\"single-item-info\" data-aos=\"fade-up\">\n\t\t\t\t\t<h2 class=\"title-h3\"><\/h2>\n\t\t\t\t\t<p>Pour renforcer notre engagement \u00e0 respecter des normes \u00e9lev\u00e9es dans <a href=\"https:\/\/avecoeur.com\/fr\/locataires\/\">la gestion de la location de biens immobiliers<\/a> en France, nous avons \u00e9t\u00e9 class\u00e9s comme super-h\u00f4te sur la plateforme de r\u00e9servation Airbnb et nous avons une note moyenne de leur part de 4,9 \u00e9toiles sur 5.<\/p>\n<p>Vous pouvez explorer les d\u00e9tails des services de gestion locative que nous fournissons <a href=\"\/holiday-home-owners\/\">aux propri\u00e9taires de maisons<\/a>de vacances et <a href=\"https:\/\/avecoeur.com\/fr\/holiday-makers__trashed\/\">aux vacanciers<\/a> en cliquant sur les liens appropri\u00e9s.<\/p>\n\t\t\t\t<\/div>\n\t\t\t\t<div class=\"img-full-block\" data-aos=\"zoom-in\">\n\t\t\t\t\t<img decoding=\"async\" src=\"https:\/\/e6j3epm9rsf.exactdn.com\/wp-content\/uploads\/2021\/03\/Perspective-terrasse-1-1170x670-1.jpg?strip=all&w=1920\" alt=\"img\">\n\t\t\t\t<\/div>\n\t\t\t<\/div>\n\t\t\t\t\t\t\t\t<\/div>\n\t<\/div>\n<\/section>\n\n\n<section class=\"s-subscribe color-bg\">\n    <div class=\"container\">\n        <div class=\"subscribe-form-wrap coll-2\">\n\t\t\t            <h3 class=\"title-h3\">Abonnez-vous \u00e0 notre newsletter<\/h3>\n\t\t\t            <div>\n\t\t\t\t<script>(function() {\n\twindow.mc4wp = window.mc4wp || {\n\t\tlisteners: [],\n\t\tforms: {\n\t\t\ton: function(evt, cb) {\n\t\t\t\twindow.mc4wp.listeners.push(\n\t\t\t\t\t{\n\t\t\t\t\t\tevent   : evt,\n\t\t\t\t\t\tcallback: cb\n\t\t\t\t\t}\n\t\t\t\t);\n\t\t\t}\n\t\t}\n\t}\n})();\n<\/script><!-- Mailchimp for WordPress v4.10.6 - https:\/\/wordpress.org\/plugins\/mailchimp-for-wp\/ --><form id=\"mc4wp-form-1\" class=\"mc4wp-form mc4wp-form-5683\" method=\"post\" data-id=\"5683\" data-name=\"Inscription \u00e0 la newsletter\" ><div class=\"mc4wp-form-fields\"><div class=\"form-group\">  \t\n     <input type=\"email\" name=\"EMAIL\" class=\"form-control\" placeholder=\"saisissez votre adresse e-mail\" required=\"\">\n<\/div>\n<button class=\"btn white\">soumettre<\/button>\n      <label>\n        <input name=\"AGREE_TO_TERMS\" type=\"checkbox\" value=\"1\" required=\"\">J&rsquo;accepte de recevoir des emails d&rsquo;Avecoeur et de son partenaire Leapfrog Properties.\n\t<\/label><\/div><label style=\"display: none !important;\">Laissez ce champ vide si vous \u00eates humain\u00a0: <input type=\"text\" name=\"_mc4wp_honeypot\" value=\"\" tabindex=\"-1\" autocomplete=\"off\" \/><\/label><input type=\"hidden\" name=\"_mc4wp_timestamp\" value=\"1776858862\" \/><input type=\"hidden\" name=\"_mc4wp_form_id\" value=\"5683\" \/><input type=\"hidden\" name=\"_mc4wp_form_element_id\" value=\"mc4wp-form-1\" \/><div class=\"mc4wp-response\"><\/div><\/form><!-- \/ Mailchimp for WordPress Plugin -->                            <\/div>\n        <\/div>\n    <\/div>\n<\/section>","protected":false},"excerpt":{"rendered":"","protected":false},"author":1,"featured_media":1321,"parent":0,"menu_order":31,"comment_status":"closed","ping_status":"closed","template":"","meta":{"footnotes":""},"class_list":["post-1320","page","type-page","status-publish","has-post-thumbnail","hentry"],"acf":[],"yoast_head":"<!-- This site is optimized with the Yoast SEO plugin v27.4 - https:\/\/yoast.com\/product\/yoast-seo-wordpress\/ -->\n<title>Gestion de la propri\u00e9t\u00e9 - Avecoeur<\/title>\n<meta name=\"description\" content=\"Un r\u00e9sum\u00e9 des services fournis par Avecoeur en relation avec les propri\u00e9t\u00e9s qu&#039;elle g\u00e8re en France et qui incluent un service de conciergerie.\" \/>\n<meta name=\"robots\" content=\"index, follow, max-snippet:-1, max-image-preview:large, max-video-preview:-1\" \/>\n<link rel=\"canonical\" href=\"https:\/\/avecoeur.com\/fr\/gestion-de-la-propriete-en-france\/\" \/>\n<meta property=\"og:locale\" content=\"fr_FR\" \/>\n<meta property=\"og:type\" content=\"article\" \/>\n<meta property=\"og:title\" content=\"Gestion de la propri\u00e9t\u00e9 - Avecoeur\" \/>\n<meta property=\"og:description\" content=\"Un r\u00e9sum\u00e9 des services fournis par Avecoeur en relation avec les propri\u00e9t\u00e9s qu&#039;elle g\u00e8re en France et qui incluent un service de conciergerie.\" \/>\n<meta property=\"og:url\" content=\"https:\/\/avecoeur.com\/fr\/gestion-de-la-propriete-en-france\/\" \/>\n<meta property=\"og:site_name\" content=\"Avecoeur\" \/>\n<meta property=\"article:publisher\" content=\"https:\/\/www.facebook.com\/Avecoeur-100378401788754\/\" \/>\n<meta property=\"article:modified_time\" content=\"2021-12-22T23:01:12+00:00\" \/>\n<meta property=\"og:image\" content=\"https:\/\/e6j3epm9rsf.exactdn.com\/wp-content\/uploads\/2021\/02\/property-management-banner.jpg?strip=all&lossy=1&ssl=1\" \/>\n\t<meta property=\"og:image:width\" content=\"1920\" \/>\n\t<meta property=\"og:image:height\" content=\"509\" \/>\n\t<meta property=\"og:image:type\" content=\"image\/jpeg\" \/>\n<meta name=\"twitter:card\" content=\"summary_large_image\" \/>\n<script type=\"application\/ld+json\" class=\"yoast-schema-graph\">{\"@context\":\"https:\\\/\\\/schema.org\",\"@graph\":[{\"@type\":\"WebPage\",\"@id\":\"https:\\\/\\\/avecoeur.com\\\/fr\\\/gestion-de-la-propriete-en-france\\\/\",\"url\":\"https:\\\/\\\/avecoeur.com\\\/fr\\\/gestion-de-la-propriete-en-france\\\/\",\"name\":\"Gestion de la propri\u00e9t\u00e9 - Avecoeur\",\"isPartOf\":{\"@id\":\"https:\\\/\\\/avecoeur.com\\\/#website\"},\"primaryImageOfPage\":{\"@id\":\"https:\\\/\\\/avecoeur.com\\\/fr\\\/gestion-de-la-propriete-en-france\\\/#primaryimage\"},\"image\":{\"@id\":\"https:\\\/\\\/avecoeur.com\\\/fr\\\/gestion-de-la-propriete-en-france\\\/#primaryimage\"},\"thumbnailUrl\":\"https:\\\/\\\/e6j3epm9rsf.exactdn.com\\\/wp-content\\\/uploads\\\/2021\\\/02\\\/property-management-banner.jpg?strip=all\",\"datePublished\":\"2021-02-24T14:16:17+00:00\",\"dateModified\":\"2021-12-22T23:01:12+00:00\",\"description\":\"Un r\u00e9sum\u00e9 des services fournis par Avecoeur en relation avec les propri\u00e9t\u00e9s qu'elle g\u00e8re en France et qui incluent un service de conciergerie.\",\"breadcrumb\":{\"@id\":\"https:\\\/\\\/avecoeur.com\\\/fr\\\/gestion-de-la-propriete-en-france\\\/#breadcrumb\"},\"inLanguage\":\"fr-FR\",\"potentialAction\":[{\"@type\":\"ReadAction\",\"target\":[\"https:\\\/\\\/avecoeur.com\\\/fr\\\/gestion-de-la-propriete-en-france\\\/\"]}]},{\"@type\":\"ImageObject\",\"inLanguage\":\"fr-FR\",\"@id\":\"https:\\\/\\\/avecoeur.com\\\/fr\\\/gestion-de-la-propriete-en-france\\\/#primaryimage\",\"url\":\"https:\\\/\\\/e6j3epm9rsf.exactdn.com\\\/wp-content\\\/uploads\\\/2021\\\/02\\\/property-management-banner.jpg?strip=all\",\"contentUrl\":\"https:\\\/\\\/e6j3epm9rsf.exactdn.com\\\/wp-content\\\/uploads\\\/2021\\\/02\\\/property-management-banner.jpg?strip=all\",\"width\":1920,\"height\":509},{\"@type\":\"BreadcrumbList\",\"@id\":\"https:\\\/\\\/avecoeur.com\\\/fr\\\/gestion-de-la-propriete-en-france\\\/#breadcrumb\",\"itemListElement\":[{\"@type\":\"ListItem\",\"position\":1,\"name\":\"Home\",\"item\":\"https:\\\/\\\/avecoeur.com\\\/fr\\\/\"},{\"@type\":\"ListItem\",\"position\":2,\"name\":\"Gestion de la propri\u00e9t\u00e9\"}]},{\"@type\":\"WebSite\",\"@id\":\"https:\\\/\\\/avecoeur.com\\\/#website\",\"url\":\"https:\\\/\\\/avecoeur.com\\\/\",\"name\":\"Avecoeur\",\"description\":\"Rent or buy your dream property in France\",\"publisher\":{\"@id\":\"https:\\\/\\\/avecoeur.com\\\/#organization\"},\"potentialAction\":[{\"@type\":\"SearchAction\",\"target\":{\"@type\":\"EntryPoint\",\"urlTemplate\":\"https:\\\/\\\/avecoeur.com\\\/?s={search_term_string}\"},\"query-input\":{\"@type\":\"PropertyValueSpecification\",\"valueRequired\":true,\"valueName\":\"search_term_string\"}}],\"inLanguage\":\"fr-FR\"},{\"@type\":\"Organization\",\"@id\":\"https:\\\/\\\/avecoeur.com\\\/#organization\",\"name\":\"Avecoeur\",\"url\":\"https:\\\/\\\/avecoeur.com\\\/\",\"logo\":{\"@type\":\"ImageObject\",\"inLanguage\":\"fr-FR\",\"@id\":\"https:\\\/\\\/avecoeur.com\\\/#\\\/schema\\\/logo\\\/image\\\/\",\"url\":\"https:\\\/\\\/avecoeur.com\\\/wp-content\\\/uploads\\\/2021\\\/12\\\/logo-color.png\",\"contentUrl\":\"https:\\\/\\\/avecoeur.com\\\/wp-content\\\/uploads\\\/2021\\\/12\\\/logo-color.png\",\"width\":216,\"height\":56,\"caption\":\"Avecoeur\"},\"image\":{\"@id\":\"https:\\\/\\\/avecoeur.com\\\/#\\\/schema\\\/logo\\\/image\\\/\"},\"sameAs\":[\"https:\\\/\\\/www.facebook.com\\\/Avecoeur-100378401788754\\\/\"]}]}<\/script>\n<!-- \/ Yoast SEO plugin. -->","yoast_head_json":{"title":"Gestion de la propri\u00e9t\u00e9 - Avecoeur","description":"Un r\u00e9sum\u00e9 des services fournis par Avecoeur en relation avec les propri\u00e9t\u00e9s qu'elle g\u00e8re en France et qui incluent un service de conciergerie.","robots":{"index":"index","follow":"follow","max-snippet":"max-snippet:-1","max-image-preview":"max-image-preview:large","max-video-preview":"max-video-preview:-1"},"canonical":"https:\/\/avecoeur.com\/fr\/gestion-de-la-propriete-en-france\/","og_locale":"fr_FR","og_type":"article","og_title":"Gestion de la propri\u00e9t\u00e9 - Avecoeur","og_description":"Un r\u00e9sum\u00e9 des services fournis par Avecoeur en relation avec les propri\u00e9t\u00e9s qu'elle g\u00e8re en France et qui incluent un service de conciergerie.","og_url":"https:\/\/avecoeur.com\/fr\/gestion-de-la-propriete-en-france\/","og_site_name":"Avecoeur","article_publisher":"https:\/\/www.facebook.com\/Avecoeur-100378401788754\/","article_modified_time":"2021-12-22T23:01:12+00:00","og_image":[{"width":1920,"height":509,"url":"https:\/\/e6j3epm9rsf.exactdn.com\/wp-content\/uploads\/2021\/02\/property-management-banner.jpg?strip=all&lossy=1&ssl=1","type":"image\/jpeg"}],"twitter_card":"summary_large_image","schema":{"@context":"https:\/\/schema.org","@graph":[{"@type":"WebPage","@id":"https:\/\/avecoeur.com\/fr\/gestion-de-la-propriete-en-france\/","url":"https:\/\/avecoeur.com\/fr\/gestion-de-la-propriete-en-france\/","name":"Gestion de la propri\u00e9t\u00e9 - Avecoeur","isPartOf":{"@id":"https:\/\/avecoeur.com\/#website"},"primaryImageOfPage":{"@id":"https:\/\/avecoeur.com\/fr\/gestion-de-la-propriete-en-france\/#primaryimage"},"image":{"@id":"https:\/\/avecoeur.com\/fr\/gestion-de-la-propriete-en-france\/#primaryimage"},"thumbnailUrl":"https:\/\/e6j3epm9rsf.exactdn.com\/wp-content\/uploads\/2021\/02\/property-management-banner.jpg?strip=all","datePublished":"2021-02-24T14:16:17+00:00","dateModified":"2021-12-22T23:01:12+00:00","description":"Un r\u00e9sum\u00e9 des services fournis par Avecoeur en relation avec les propri\u00e9t\u00e9s qu'elle g\u00e8re en France et qui incluent un service de conciergerie.","breadcrumb":{"@id":"https:\/\/avecoeur.com\/fr\/gestion-de-la-propriete-en-france\/#breadcrumb"},"inLanguage":"fr-FR","potentialAction":[{"@type":"ReadAction","target":["https:\/\/avecoeur.com\/fr\/gestion-de-la-propriete-en-france\/"]}]},{"@type":"ImageObject","inLanguage":"fr-FR","@id":"https:\/\/avecoeur.com\/fr\/gestion-de-la-propriete-en-france\/#primaryimage","url":"https:\/\/e6j3epm9rsf.exactdn.com\/wp-content\/uploads\/2021\/02\/property-management-banner.jpg?strip=all","contentUrl":"https:\/\/e6j3epm9rsf.exactdn.com\/wp-content\/uploads\/2021\/02\/property-management-banner.jpg?strip=all","width":1920,"height":509},{"@type":"BreadcrumbList","@id":"https:\/\/avecoeur.com\/fr\/gestion-de-la-propriete-en-france\/#breadcrumb","itemListElement":[{"@type":"ListItem","position":1,"name":"Home","item":"https:\/\/avecoeur.com\/fr\/"},{"@type":"ListItem","position":2,"name":"Gestion de la propri\u00e9t\u00e9"}]},{"@type":"WebSite","@id":"https:\/\/avecoeur.com\/#website","url":"https:\/\/avecoeur.com\/","name":"Avecoeur","description":"Rent or buy your dream property in France","publisher":{"@id":"https:\/\/avecoeur.com\/#organization"},"potentialAction":[{"@type":"SearchAction","target":{"@type":"EntryPoint","urlTemplate":"https:\/\/avecoeur.com\/?s={search_term_string}"},"query-input":{"@type":"PropertyValueSpecification","valueRequired":true,"valueName":"search_term_string"}}],"inLanguage":"fr-FR"},{"@type":"Organization","@id":"https:\/\/avecoeur.com\/#organization","name":"Avecoeur","url":"https:\/\/avecoeur.com\/","logo":{"@type":"ImageObject","inLanguage":"fr-FR","@id":"https:\/\/avecoeur.com\/#\/schema\/logo\/image\/","url":"https:\/\/avecoeur.com\/wp-content\/uploads\/2021\/12\/logo-color.png","contentUrl":"https:\/\/avecoeur.com\/wp-content\/uploads\/2021\/12\/logo-color.png","width":216,"height":56,"caption":"Avecoeur"},"image":{"@id":"https:\/\/avecoeur.com\/#\/schema\/logo\/image\/"},"sameAs":["https:\/\/www.facebook.com\/Avecoeur-100378401788754\/"]}]}},"_links":{"self":[{"href":"https:\/\/avecoeur.com\/fr\/wp-json\/wp\/v2\/pages\/1320","targetHints":{"allow":["GET"]}}],"collection":[{"href":"https:\/\/avecoeur.com\/fr\/wp-json\/wp\/v2\/pages"}],"about":[{"href":"https:\/\/avecoeur.com\/fr\/wp-json\/wp\/v2\/types\/page"}],"author":[{"embeddable":true,"href":"https:\/\/avecoeur.com\/fr\/wp-json\/wp\/v2\/users\/1"}],"replies":[{"embeddable":true,"href":"https:\/\/avecoeur.com\/fr\/wp-json\/wp\/v2\/comments?post=1320"}],"version-history":[{"count":16,"href":"https:\/\/avecoeur.com\/fr\/wp-json\/wp\/v2\/pages\/1320\/revisions"}],"predecessor-version":[{"id":5175,"href":"https:\/\/avecoeur.com\/fr\/wp-json\/wp\/v2\/pages\/1320\/revisions\/5175"}],"wp:featuredmedia":[{"embeddable":true,"href":"https:\/\/avecoeur.com\/fr\/wp-json\/wp\/v2\/media\/1321"}],"wp:attachment":[{"href":"https:\/\/avecoeur.com\/fr\/wp-json\/wp\/v2\/media?parent=1320"}],"curies":[{"name":"wp","href":"https:\/\/api.w.org\/{rel}","templated":true}]}}