{"id":1314,"date":"2021-02-24T12:30:48","date_gmt":"2021-02-24T12:30:48","guid":{"rendered":"https:\/\/avecoeur.com\/finance\/"},"modified":"2021-11-24T21:30:06","modified_gmt":"2021-11-24T21:30:06","slug":"finance","status":"publish","type":"page","link":"https:\/\/avecoeur.com\/fr\/finance\/","title":{"rendered":"Financement"},"content":{"rendered":"\n<section style=\"background-image: url(https:\/\/e6j3epm9rsf.exactdn.com\/wp-content\/uploads\/2021\/04\/AdobeStock_270841059.jpeg?strip=all); background-position: center center; background-size: cover;\"  class=\"animation-bg\">\n    <div class=\"container\">\n        <div class=\"title-content\">\n            <div data-aos=\"fade-up\">\n                <h1 class=\"title-page\">Financement<\/h1>\n                                            <\/div>\n        <\/div>\n    <\/div>\n<\/section>\n\n\n<section>\n\t<div class=\"container\">\n\t\t<div class=\"single-content\">\n\t\t\t<p>La plupart des personnes qui ach\u00e8tent par notre interm\u00e9diaire ont besoin ou pr\u00e9f\u00e8rent prendre un pr\u00eat hypoth\u00e9caire fran\u00e7ais pour financer une partie de leur achat immobilier. En ce moment, les taux peuvent \u00eatre fix\u00e9s \u00e0 environ 2% pour 20 ans sur la base du remboursement du capital. Il s&rsquo;agit des meilleurs taux depuis la Seconde Guerre mondiale, ce qui signifie que m\u00eame avec une estimation tr\u00e8s prudente des revenus locatifs, vous \u00eates pratiquement assur\u00e9 de couvrir au moins les paiements d&rsquo;int\u00e9r\u00eats gr\u00e2ce \u00e0 vos revenus locatifs et de r\u00e9aliser un b\u00e9n\u00e9fice significatif sur la diff\u00e9rence. La France est l&rsquo;un des rares pays au monde \u00e0 proposer des taux hypoth\u00e9caires fixes sur une p\u00e9riode aussi longue.<\/p>\n<p>Ainsi, la plupart des acheteurs choisissent cette option pour leur s\u00e9curit\u00e9, ce qui est l&rsquo;une des nombreuses raisons pour lesquelles la France a l&rsquo;un des march\u00e9s immobiliers les plus stables au monde. Avecoeur a des partenariats avec toutes les grandes banques fran\u00e7aises et certaines plus petites, ainsi nous sommes en mesure de trouver le meilleur pr\u00eat hypoth\u00e9caire en fonction de la situation financi\u00e8re personnelle de l&rsquo;acheteur et de ses besoins. Notre personnel bilingue assure \u00e9galement une communication facile et rapide, ce qui n&rsquo;est pas toujours \u00e9vident si vous essayez d&rsquo;obtenir votre financement directement aupr\u00e8s des banques fran\u00e7aises ou par l&rsquo;interm\u00e9diaire de courtiers en pr\u00eats hypoth\u00e9caires parlant uniquement fran\u00e7ais en France. Vous trouverez ci-dessous quelques-uns des produits hypoth\u00e9caires disponibles :<\/p>\n\t\t<\/div>\n\t<\/div>\n<\/section>\n\n\n<section class=\"color-bg\">\n\t<div class=\"container\">\n\t\t\t\t\t<div class=\"single-content\">\n\t\t\t\t<div class=\"title-h3 center\">Simulateur d&rsquo;hypoth\u00e8que<\/div>\n\t\t\t<\/div>\n\t\t\t\t<form action=\"https:\/\/avecoeur.com\/fr\/wp-json\/wp\/v2\/pages\/1314#lidd_mc_form\" id=\"lidd_mc_form\" class=\"lidd_mc_form\" method=\"post\"><div class=\"lidd_mc_input lidd_mc_input_light lidd_mc_input_responsive\"><label for=\"lidd_mc_total_amount\">Mortgage Amount<\/label><input type=\"text\" name=\"lidd_mc_total_amount\" id=\"lidd_mc_total_amount\" placeholder=\"\u20ac\" value=\"300000.00\" \/><span id=\"lidd_mc_total_amount-error\"><\/span><\/div><div class=\"lidd_mc_input lidd_mc_input_light lidd_mc_input_responsive\"><label for=\"lidd_mc_down_payment\">Down Payment (\u20ac)<\/label><input type=\"text\" name=\"lidd_mc_down_payment\" id=\"lidd_mc_down_payment\" placeholder=\"\u20ac\" value=\"60000.00\" \/><span id=\"lidd_mc_down_payment-error\"><\/span><\/div><div class=\"lidd_mc_input lidd_mc_input_light lidd_mc_input_responsive\"><label for=\"lidd_mc_interest_rate\">Interest Rate (%)<\/label><input type=\"text\" name=\"lidd_mc_interest_rate\" id=\"lidd_mc_interest_rate\" placeholder=\"%\" value=\"5.00\" \/><span id=\"lidd_mc_interest_rate-error\"><\/span><\/div><div class=\"lidd_mc_input lidd_mc_input_light lidd_mc_input_responsive\"><label for=\"lidd_mc_amortization_period\">Amortization Period (years)<\/label><input type=\"text\" name=\"lidd_mc_amortization_period\" id=\"lidd_mc_amortization_period\" placeholder=\"ann\u00e9es\" value=\"30\" \/><span id=\"lidd_mc_amortization_period-error\"><\/span><\/div><input type=\"hidden\" name=\"lidd_mc_payment_period\" id=\"lidd_mc_payment_period\" value=\"12\" \/><div class=\"lidd_mc_input\"><input type=\"submit\" name=\"lidd_mc_submit\" id=\"lidd_mc_submit\" value=\"Calculate\"\/><\/div><\/form><form action=\"https:\/\/www.mlcalc.com\/\" method=\"post\" id=\"lidd_mc_mlc_form\" target=\"MLCalcFrame\"><input type=\"hidden\" name=\"ml\" value=\"mortgage\" \/><input type=\"hidden\" name=\"cl\" value=\"true\" \/><input type=\"hidden\" name=\"wg\" value=\"widget\" \/><input type=\"hidden\" name=\"wt\" value=\"rmc\" \/><input type=\"hidden\" name=\"cr\" value=\"usd\" \/><input type=\"hidden\" name=\"cr\" value=\"\" \/><input type=\"hidden\" name=\"wl\" value=\"en\" \/><input type=\"hidden\" name=\"ma\" value=\"300000.00\" \/><input type=\"hidden\" name=\"dp\" value=\"60000.00\" \/><input type=\"hidden\" name=\"mt\" value=\"30\" \/><input type=\"hidden\" name=\"ir\" value=\"5.00\" \/><input type=\"hidden\" name=\"pt\" value=\"0\" \/><input type=\"hidden\" name=\"pi\" value=\"0\" \/><input type=\"hidden\" name=\"mi\" value=\"0\" \/><\/form><div id=\"lidd_mc_details\" class=\"lidd_mc_details\"><div id=\"lidd_mc_results\" class=\"lidd_mc_results\"><\/div><span id=\"lidd_mc_inspector\"><img decoding=\"async\" src=\"https:\/\/e6j3epm9rsf.exactdn.com\/wp-content\/plugins\/responsive-mortgage-calculator\/img\/icon_graph.png?strip=all&w=12\" width=\"12\" alt=\"home loan\" \/><\/span><\/div>\t\t\n\t\t<script>\n\t\t\tvar test = jQuery('html').attr('lang');\n\t\t\tif(test === 'fr-FR') {\n\t\t\t\tjQuery(\"label[for='lidd_mc_total_amount']\").text(\"Prix de l'immobilier\");\n\t\t\t\tjQuery(\"label[for='lidd_mc_down_payment']\").text(\"Acompte (\u20ac)\");\n\t\t\t\tjQuery(\"label[for='lidd_mc_interest_rate']\").text(\"Taux d'int\u00e9r\u00eat (%)\");\n\t\t\t\tjQuery(\"label[for='lidd_mc_amortization_period']\").text(\"P\u00e9riode d'amortissement (ann\u00e9es)\");\n\t\t\t\tjQuery(\"#lidd_mc_submit\").val('calculer')\n\t\t\t} else {\n\t\t\t\tjQuery(\"label[for='lidd_mc_total_amount']\").text(\"Property Price\");\n\t\t\t\tjQuery(\"label[for='lidd_mc_down_payment']\").text(\"Down Payment (\u20ac)\");\n\t\t\t\tjQuery(\"label[for='lidd_mc_interest_rate']\").text(\"Interest Rate (%)\");\n\t\t\t\tjQuery(\"label[for='lidd_mc_amortization_period']\").text(\"Amortization Period (years)\");\n\t\t\t\tjQuery(\"#lidd_mc_submit\").val('calculate')\n\t\t\t}\n\t\t<\/script>\n\t\t\n\t<\/div>\n<\/section>\n\n\n<section>\n\t<div class=\"container\">\n\t\t<div class=\"single-content\">\n\t\t\t<div class=\"coll-2\">\n\t\t\t\t\t\t\t\t\t<div class=\"simple-item\" data-aos=\"fade-up\">\n\t\t\t\t\t\t\t\t\t\t\t\t\t<h3 class=\"title-h3\">Pr\u00eat hypoth\u00e9caire \u00e0 taux fixe<\/h3>\n\t\t\t\t\t\t\n\t\t\t\t\t\t\t\t\t\t\t\t\t<p>Le taux d&rsquo;int\u00e9r\u00eat est fix\u00e9 pour une p\u00e9riode de 10, 15, 20 ou 25 ans, de sorte que le montant que vous payez chaque mois reste le m\u00eame. Plus la dur\u00e9e de l&rsquo;hypoth\u00e8que est longue, plus le taux est \u00e9lev\u00e9.<\/p>\n\t\t\t\t\t\t\t\t\t\t\t<\/div>\n\t\t\t\t\t\t\t\t\t<div class=\"simple-item\" data-aos=\"fade-up\">\n\t\t\t\t\t\t\t\t\t\t\t\t\t<h3 class=\"title-h3\">Pr\u00eat \u00e0 taux variable<\/h3>\n\t\t\t\t\t\t\n\t\t\t\t\t\t\t\t\t\t\t\t\t<p>Ce taux est bas\u00e9 sur le taux Euribor \u00e0 1, 3, 6 ou 12 mois avec une marge fixe pour la banque. Comme un pr\u00eat hypoth\u00e9caire \u00e0 taux variable au Royaume-Uni, ce taux peut varier \u00e0 la hausse ou \u00e0 la baisse et vous aurez souvent la possibilit\u00e9 de faire plafonner ce taux &#8211; plus la fourchette de plafonnement est large, moins le pr\u00eat hypoth\u00e9caire sera cher. Par exemple, un taux plafonn\u00e9 \u00e0 +\/- 1% sera plus cher qu&rsquo;un taux plafonn\u00e9 \u00e0 +\/-2%, car il offre plus de s\u00e9curit\u00e9 et moins de volatilit\u00e9 pour le client. \r\n\r\n<\/p>\n\t\t\t\t\t\t\t\t\t\t\t<\/div>\n\t\t\t\t\t\t\t\t\t<div class=\"simple-item\" data-aos=\"fade-up\">\n\t\t\t\t\t\t\t\t\t\t\t\t\t<h3 class=\"title-h3\">Les pr\u00eats hypoth\u00e9caires \u00e0 int\u00e9r\u00eat unique<\/h3>\n\t\t\t\t\t\t\n\t\t\t\t\t\t\t\t\t\t\t\t\t<p>La plupart des pr\u00eateurs ont tendance \u00e0 ne proposer que des pr\u00eats hypoth\u00e9caires avec remboursement du capital, car c&rsquo;est le type de pr\u00eat le plus r\u00e9pandu en France, mais certaines banques proposent des pr\u00eats hypoth\u00e9caires \u00e0 taux unique. La seule chose que vous devez garder \u00e0 l&rsquo;esprit, c&rsquo;est que le taux d&rsquo;int\u00e9r\u00eat appliqu\u00e9 aux pr\u00eats hypoth\u00e9caires \u00e0 taux unique a tendance \u00e0 \u00eatre un peu plus \u00e9lev\u00e9 que le pr\u00eat hypoth\u00e9caire \u00e9quivalent \u00e0 un remboursement en capital et vous devez souvent mettre une certaine somme d&rsquo;argent de c\u00f4t\u00e9 sur un compte d&rsquo;\u00e9pargne sp\u00e9cial ou avoir suffisamment d&rsquo;actifs pour couvrir le montant du pr\u00eat.<\/p>\n\t\t\t\t\t\t\t\t\t\t\t<\/div>\n\t\t\t\t\t\t\t\t\t<div class=\"simple-item\" data-aos=\"fade-up\">\n\t\t\t\t\t\t\t\t\t\t\t\t\t<h3 class=\"title-h3\">Hypoth\u00e8que \u00e0 dur\u00e9e variable<\/h3>\n\t\t\t\t\t\t\n\t\t\t\t\t\t\t\t\t\t\t\t\t<p>Certaines banques proposent \u00e9galement un pr\u00eat hypoth\u00e9caire \u00e0 dur\u00e9e variable, c&rsquo;est-\u00e0-dire que vos remboursements mensuels sont fixes mais que la dur\u00e9e de votre pr\u00eat augmente ou diminue en fonction de la hausse ou de la baisse du taux d&rsquo;int\u00e9r\u00eat. De cette fa\u00e7on, vous pouvez b\u00e9n\u00e9ficier de taux d&rsquo;int\u00e9r\u00eat variables plus comp\u00e9titifs tout en conservant le m\u00eame montant de mensualit\u00e9s.<\/p>\n\t\t\t\t\t\t\t\t\t\t\t<\/div>\n\t\t\t\t\t\t\t<\/div>\n\t\t<\/div>\n\t<\/div>\n<\/section>\n\n\n<section class=\"s-subscribe color-bg\">\n    <div class=\"container\">\n        <div class=\"subscribe-form-wrap coll-2\">\n\t\t\t            <h3 class=\"title-h3\">Abonnez-vous \u00e0 notre newsletter<\/h3>\n\t\t\t            <div>\n\t\t\t\t<script>(function() {\n\twindow.mc4wp = window.mc4wp || {\n\t\tlisteners: [],\n\t\tforms: {\n\t\t\ton: function(evt, cb) {\n\t\t\t\twindow.mc4wp.listeners.push(\n\t\t\t\t\t{\n\t\t\t\t\t\tevent   : evt,\n\t\t\t\t\t\tcallback: cb\n\t\t\t\t\t}\n\t\t\t\t);\n\t\t\t}\n\t\t}\n\t}\n})();\n<\/script><!-- Mailchimp for WordPress v4.10.6 - https:\/\/wordpress.org\/plugins\/mailchimp-for-wp\/ --><form id=\"mc4wp-form-1\" class=\"mc4wp-form mc4wp-form-5683\" method=\"post\" data-id=\"5683\" data-name=\"Inscription \u00e0 la newsletter\" ><div class=\"mc4wp-form-fields\"><div class=\"form-group\">  \t\n     <input type=\"email\" name=\"EMAIL\" class=\"form-control\" placeholder=\"saisissez votre adresse e-mail\" required=\"\">\n<\/div>\n<button class=\"btn white\">soumettre<\/button>\n      <label>\n        <input name=\"AGREE_TO_TERMS\" type=\"checkbox\" value=\"1\" required=\"\">J&rsquo;accepte de recevoir des emails d&rsquo;Avecoeur et de son partenaire Leapfrog Properties.\n\t<\/label><\/div><label style=\"display: none !important;\">Laissez ce champ vide si vous \u00eates humain\u00a0: <input type=\"text\" name=\"_mc4wp_honeypot\" value=\"\" tabindex=\"-1\" autocomplete=\"off\" \/><\/label><input type=\"hidden\" name=\"_mc4wp_timestamp\" value=\"1777024289\" \/><input type=\"hidden\" name=\"_mc4wp_form_id\" value=\"5683\" \/><input type=\"hidden\" name=\"_mc4wp_form_element_id\" value=\"mc4wp-form-1\" \/><div class=\"mc4wp-response\"><\/div><\/form><!-- \/ Mailchimp for WordPress Plugin -->                            <\/div>\n        <\/div>\n    <\/div>\n<\/section>","protected":false},"excerpt":{"rendered":"","protected":false},"author":1,"featured_media":2263,"parent":0,"menu_order":40,"comment_status":"closed","ping_status":"closed","template":"","meta":{"footnotes":""},"class_list":["post-1314","page","type-page","status-publish","has-post-thumbnail","hentry"],"acf":[],"yoast_head":"<!-- This site is optimized with the Yoast SEO plugin v27.4 - https:\/\/yoast.com\/product\/yoast-seo-wordpress\/ -->\n<title>Financement - Avecoeur<\/title>\n<meta name=\"description\" content=\"D\u00e9couvrez les options de pr\u00eat hypoth\u00e9caire que les banques fran\u00e7aises vous proposent pour financer votre achat immobilier en France.\" \/>\n<meta name=\"robots\" content=\"index, follow, max-snippet:-1, max-image-preview:large, max-video-preview:-1\" \/>\n<link rel=\"canonical\" href=\"https:\/\/avecoeur.com\/fr\/finance\/\" \/>\n<meta property=\"og:locale\" content=\"fr_FR\" \/>\n<meta property=\"og:type\" content=\"article\" \/>\n<meta property=\"og:title\" content=\"Financement - Avecoeur\" \/>\n<meta property=\"og:description\" content=\"D\u00e9couvrez les options de pr\u00eat hypoth\u00e9caire que les banques fran\u00e7aises vous proposent pour financer votre achat immobilier en France.\" \/>\n<meta property=\"og:url\" content=\"https:\/\/avecoeur.com\/fr\/finance\/\" \/>\n<meta property=\"og:site_name\" content=\"Avecoeur\" \/>\n<meta property=\"article:publisher\" content=\"https:\/\/www.facebook.com\/Avecoeur-100378401788754\/\" \/>\n<meta property=\"article:modified_time\" content=\"2021-11-24T21:30:06+00:00\" \/>\n<meta property=\"og:image\" content=\"https:\/\/e6j3epm9rsf.exactdn.com\/wp-content\/uploads\/2021\/04\/AdobeStock_270841059.jpeg?strip=all&lossy=1&ssl=1\" \/>\n\t<meta property=\"og:image:width\" content=\"1920\" \/>\n\t<meta property=\"og:image:height\" content=\"1379\" \/>\n\t<meta property=\"og:image:type\" content=\"image\/jpeg\" \/>\n<meta name=\"twitter:card\" content=\"summary_large_image\" \/>\n<script type=\"application\/ld+json\" class=\"yoast-schema-graph\">{\"@context\":\"https:\\\/\\\/schema.org\",\"@graph\":[{\"@type\":\"WebPage\",\"@id\":\"https:\\\/\\\/avecoeur.com\\\/fr\\\/finance\\\/\",\"url\":\"https:\\\/\\\/avecoeur.com\\\/fr\\\/finance\\\/\",\"name\":\"Financement - Avecoeur\",\"isPartOf\":{\"@id\":\"https:\\\/\\\/avecoeur.com\\\/#website\"},\"primaryImageOfPage\":{\"@id\":\"https:\\\/\\\/avecoeur.com\\\/fr\\\/finance\\\/#primaryimage\"},\"image\":{\"@id\":\"https:\\\/\\\/avecoeur.com\\\/fr\\\/finance\\\/#primaryimage\"},\"thumbnailUrl\":\"https:\\\/\\\/e6j3epm9rsf.exactdn.com\\\/wp-content\\\/uploads\\\/2021\\\/04\\\/AdobeStock_270841059.jpeg?strip=all\",\"datePublished\":\"2021-02-24T12:30:48+00:00\",\"dateModified\":\"2021-11-24T21:30:06+00:00\",\"description\":\"D\u00e9couvrez les options de pr\u00eat hypoth\u00e9caire que les banques fran\u00e7aises vous proposent pour financer votre achat immobilier en France.\",\"breadcrumb\":{\"@id\":\"https:\\\/\\\/avecoeur.com\\\/fr\\\/finance\\\/#breadcrumb\"},\"inLanguage\":\"fr-FR\",\"potentialAction\":[{\"@type\":\"ReadAction\",\"target\":[\"https:\\\/\\\/avecoeur.com\\\/fr\\\/finance\\\/\"]}]},{\"@type\":\"ImageObject\",\"inLanguage\":\"fr-FR\",\"@id\":\"https:\\\/\\\/avecoeur.com\\\/fr\\\/finance\\\/#primaryimage\",\"url\":\"https:\\\/\\\/e6j3epm9rsf.exactdn.com\\\/wp-content\\\/uploads\\\/2021\\\/04\\\/AdobeStock_270841059.jpeg?strip=all\",\"contentUrl\":\"https:\\\/\\\/e6j3epm9rsf.exactdn.com\\\/wp-content\\\/uploads\\\/2021\\\/04\\\/AdobeStock_270841059.jpeg?strip=all\",\"width\":1920,\"height\":1379},{\"@type\":\"BreadcrumbList\",\"@id\":\"https:\\\/\\\/avecoeur.com\\\/fr\\\/finance\\\/#breadcrumb\",\"itemListElement\":[{\"@type\":\"ListItem\",\"position\":1,\"name\":\"Home\",\"item\":\"https:\\\/\\\/avecoeur.com\\\/fr\\\/\"},{\"@type\":\"ListItem\",\"position\":2,\"name\":\"Financement\"}]},{\"@type\":\"WebSite\",\"@id\":\"https:\\\/\\\/avecoeur.com\\\/#website\",\"url\":\"https:\\\/\\\/avecoeur.com\\\/\",\"name\":\"Avecoeur\",\"description\":\"Rent or buy your dream property in France\",\"publisher\":{\"@id\":\"https:\\\/\\\/avecoeur.com\\\/#organization\"},\"potentialAction\":[{\"@type\":\"SearchAction\",\"target\":{\"@type\":\"EntryPoint\",\"urlTemplate\":\"https:\\\/\\\/avecoeur.com\\\/?s={search_term_string}\"},\"query-input\":{\"@type\":\"PropertyValueSpecification\",\"valueRequired\":true,\"valueName\":\"search_term_string\"}}],\"inLanguage\":\"fr-FR\"},{\"@type\":\"Organization\",\"@id\":\"https:\\\/\\\/avecoeur.com\\\/#organization\",\"name\":\"Avecoeur\",\"url\":\"https:\\\/\\\/avecoeur.com\\\/\",\"logo\":{\"@type\":\"ImageObject\",\"inLanguage\":\"fr-FR\",\"@id\":\"https:\\\/\\\/avecoeur.com\\\/#\\\/schema\\\/logo\\\/image\\\/\",\"url\":\"https:\\\/\\\/avecoeur.com\\\/wp-content\\\/uploads\\\/2021\\\/12\\\/logo-color.png\",\"contentUrl\":\"https:\\\/\\\/avecoeur.com\\\/wp-content\\\/uploads\\\/2021\\\/12\\\/logo-color.png\",\"width\":216,\"height\":56,\"caption\":\"Avecoeur\"},\"image\":{\"@id\":\"https:\\\/\\\/avecoeur.com\\\/#\\\/schema\\\/logo\\\/image\\\/\"},\"sameAs\":[\"https:\\\/\\\/www.facebook.com\\\/Avecoeur-100378401788754\\\/\"]}]}<\/script>\n<!-- \/ Yoast SEO plugin. -->","yoast_head_json":{"title":"Financement - Avecoeur","description":"D\u00e9couvrez les options de pr\u00eat hypoth\u00e9caire que les banques fran\u00e7aises vous proposent pour financer votre achat immobilier en France.","robots":{"index":"index","follow":"follow","max-snippet":"max-snippet:-1","max-image-preview":"max-image-preview:large","max-video-preview":"max-video-preview:-1"},"canonical":"https:\/\/avecoeur.com\/fr\/finance\/","og_locale":"fr_FR","og_type":"article","og_title":"Financement - Avecoeur","og_description":"D\u00e9couvrez les options de pr\u00eat hypoth\u00e9caire que les banques fran\u00e7aises vous proposent pour financer votre achat immobilier en France.","og_url":"https:\/\/avecoeur.com\/fr\/finance\/","og_site_name":"Avecoeur","article_publisher":"https:\/\/www.facebook.com\/Avecoeur-100378401788754\/","article_modified_time":"2021-11-24T21:30:06+00:00","og_image":[{"width":1920,"height":1379,"url":"https:\/\/e6j3epm9rsf.exactdn.com\/wp-content\/uploads\/2021\/04\/AdobeStock_270841059.jpeg?strip=all&lossy=1&ssl=1","type":"image\/jpeg"}],"twitter_card":"summary_large_image","schema":{"@context":"https:\/\/schema.org","@graph":[{"@type":"WebPage","@id":"https:\/\/avecoeur.com\/fr\/finance\/","url":"https:\/\/avecoeur.com\/fr\/finance\/","name":"Financement - Avecoeur","isPartOf":{"@id":"https:\/\/avecoeur.com\/#website"},"primaryImageOfPage":{"@id":"https:\/\/avecoeur.com\/fr\/finance\/#primaryimage"},"image":{"@id":"https:\/\/avecoeur.com\/fr\/finance\/#primaryimage"},"thumbnailUrl":"https:\/\/e6j3epm9rsf.exactdn.com\/wp-content\/uploads\/2021\/04\/AdobeStock_270841059.jpeg?strip=all","datePublished":"2021-02-24T12:30:48+00:00","dateModified":"2021-11-24T21:30:06+00:00","description":"D\u00e9couvrez les options de pr\u00eat hypoth\u00e9caire que les banques fran\u00e7aises vous proposent pour financer votre achat immobilier en France.","breadcrumb":{"@id":"https:\/\/avecoeur.com\/fr\/finance\/#breadcrumb"},"inLanguage":"fr-FR","potentialAction":[{"@type":"ReadAction","target":["https:\/\/avecoeur.com\/fr\/finance\/"]}]},{"@type":"ImageObject","inLanguage":"fr-FR","@id":"https:\/\/avecoeur.com\/fr\/finance\/#primaryimage","url":"https:\/\/e6j3epm9rsf.exactdn.com\/wp-content\/uploads\/2021\/04\/AdobeStock_270841059.jpeg?strip=all","contentUrl":"https:\/\/e6j3epm9rsf.exactdn.com\/wp-content\/uploads\/2021\/04\/AdobeStock_270841059.jpeg?strip=all","width":1920,"height":1379},{"@type":"BreadcrumbList","@id":"https:\/\/avecoeur.com\/fr\/finance\/#breadcrumb","itemListElement":[{"@type":"ListItem","position":1,"name":"Home","item":"https:\/\/avecoeur.com\/fr\/"},{"@type":"ListItem","position":2,"name":"Financement"}]},{"@type":"WebSite","@id":"https:\/\/avecoeur.com\/#website","url":"https:\/\/avecoeur.com\/","name":"Avecoeur","description":"Rent or buy your dream property in France","publisher":{"@id":"https:\/\/avecoeur.com\/#organization"},"potentialAction":[{"@type":"SearchAction","target":{"@type":"EntryPoint","urlTemplate":"https:\/\/avecoeur.com\/?s={search_term_string}"},"query-input":{"@type":"PropertyValueSpecification","valueRequired":true,"valueName":"search_term_string"}}],"inLanguage":"fr-FR"},{"@type":"Organization","@id":"https:\/\/avecoeur.com\/#organization","name":"Avecoeur","url":"https:\/\/avecoeur.com\/","logo":{"@type":"ImageObject","inLanguage":"fr-FR","@id":"https:\/\/avecoeur.com\/#\/schema\/logo\/image\/","url":"https:\/\/avecoeur.com\/wp-content\/uploads\/2021\/12\/logo-color.png","contentUrl":"https:\/\/avecoeur.com\/wp-content\/uploads\/2021\/12\/logo-color.png","width":216,"height":56,"caption":"Avecoeur"},"image":{"@id":"https:\/\/avecoeur.com\/#\/schema\/logo\/image\/"},"sameAs":["https:\/\/www.facebook.com\/Avecoeur-100378401788754\/"]}]}},"_links":{"self":[{"href":"https:\/\/avecoeur.com\/fr\/wp-json\/wp\/v2\/pages\/1314","targetHints":{"allow":["GET"]}}],"collection":[{"href":"https:\/\/avecoeur.com\/fr\/wp-json\/wp\/v2\/pages"}],"about":[{"href":"https:\/\/avecoeur.com\/fr\/wp-json\/wp\/v2\/types\/page"}],"author":[{"embeddable":true,"href":"https:\/\/avecoeur.com\/fr\/wp-json\/wp\/v2\/users\/1"}],"replies":[{"embeddable":true,"href":"https:\/\/avecoeur.com\/fr\/wp-json\/wp\/v2\/comments?post=1314"}],"version-history":[{"count":7,"href":"https:\/\/avecoeur.com\/fr\/wp-json\/wp\/v2\/pages\/1314\/revisions"}],"predecessor-version":[{"id":4791,"href":"https:\/\/avecoeur.com\/fr\/wp-json\/wp\/v2\/pages\/1314\/revisions\/4791"}],"wp:featuredmedia":[{"embeddable":true,"href":"https:\/\/avecoeur.com\/fr\/wp-json\/wp\/v2\/media\/2263"}],"wp:attachment":[{"href":"https:\/\/avecoeur.com\/fr\/wp-json\/wp\/v2\/media?parent=1314"}],"curies":[{"name":"wp","href":"https:\/\/api.w.org\/{rel}","templated":true}]}}