{"id":1311,"date":"2021-02-24T10:25:39","date_gmt":"2021-02-24T10:25:39","guid":{"rendered":"https:\/\/avecoeur.com\/agents-ifas\/"},"modified":"2021-12-22T11:06:00","modified_gmt":"2021-12-22T11:06:00","slug":"devenez-un-promoteur-davecoeur","status":"publish","type":"page","link":"https:\/\/avecoeur.com\/fr\/devenez-un-promoteur-davecoeur\/","title":{"rendered":"Agents"},"content":{"rendered":"\n<section style=\"background-image: url(https:\/\/e6j3epm9rsf.exactdn.com\/wp-content\/uploads\/2021\/04\/St-Restitut-LR-2015-65.jpg?strip=all); background-position: center center; background-size: cover;\"  class=\"animation-bg\">\n    <div class=\"container\">\n        <div class=\"title-content\">\n            <div data-aos=\"fade-up\">\n                <h1 class=\"title-page\">Devenez un agent d&rsquo;Avecoeur<\/h1>\n                                <p>Si vous \u00eates un agent, un conseiller financier ind\u00e9pendant ou un conseiller en patrimoine et que vous souhaitez proposer nos nouveaux projets de d\u00e9veloppement en France, nous serions ravis de vous entendre.<\/p>\n            <\/div>\n        <\/div>\n    <\/div>\n<\/section>\n\n\n<section>\n\t<div class=\"container\">\n\t\t<div class=\"single-content\">\n\t\t\t<div class=\"holiday-makers-content coll-2\">\n\t\t\t\t\t\t\t\t<div class=\"simple-item\" data-aos=\"fade-up\">\n\t\t\t\t\t\t\t\t\t\t\t<h2 class=\"title-h3\">Bonnes commissions <br> (Ventes et locations)<\/h2>\n\t\t\t\t\t\n\t\t\t\t\t\t\t\t\t\t\t<p>Nous pouvons vous verser de bonnes commissions en tant que conseiller en patrimoine ou vous proposer des remises en esp\u00e8ces, des rabais ou des incitations suppl\u00e9mentaires pour vos clients &#8211; selon ce qui convient le mieux \u00e0 vos relations avec vos clients.<\/p>\n\t\t\t\t\t\t\t\t\t<\/div>\n\t\t\t\t\t\t\t\t<div class=\"simple-item\" data-aos=\"fade-up\">\n\t\t\t\t\t\t\t\t\t\t\t<h2 class=\"title-h3\">Acc\u00e8s aux d\u00e9veloppements recommand\u00e9s<\/h2>\n\t\t\t\t\t\n\t\t\t\t\t\t\t\t\t\t\t<p>En tant que conseiller en patrimoine, vous avez de nombreuses opportunit\u00e9s d&rsquo;investissement \u00e0 proposer \u00e0 vos clients en fonction de leur profil de risque et de leurs objectifs personnels, et l&rsquo;immobilier n&rsquo;est qu&rsquo;un des nombreux actifs que vous pouvez sugg\u00e9rer \u00e0 vos clients. Il est donc tr\u00e8s important pour vous d&rsquo;\u00eatre en mesure de proposer des biens s\u00fbrs mais int\u00e9ressants pour l&rsquo;investissement, qui n&rsquo;auront pas de probl\u00e8mes \u00e0 long terme et ne causeront pas de maux de t\u00eate et potentiellement une perte d&rsquo;investissement pour votre client. Gr\u00e2ce \u00e0 notre exp\u00e9rience sur le march\u00e9 immobilier fran\u00e7ais, nous connaissons d\u00e9j\u00e0 la plupart des promoteurs en France et savons avec lesquels travailler, ce qui nous permet de proposer une grande s\u00e9lection d&rsquo;opportunit\u00e9s immobili\u00e8res. En tant que promoteurs, nous pouvons \u00e9galement vous proposer nos propres projets, ce que vous pr\u00e9f\u00e9rez peut-\u00eatre, car vous ne traitez alors qu&rsquo;avec une seule soci\u00e9t\u00e9 en qui vous pouvez avoir enti\u00e8rement confiance.\r\n\r\n<\/p>\n\t\t\t\t\t\t\t\t\t<\/div>\n\t\t\t\t\t\t\t\t\n\t\t\t<\/div>\n\t\t<\/div>\n\t<\/div>\n<\/section>\n\n\n<section class=\"s-back-office bg-dark\" style=\"background-image: url('https:\/\/e6j3epm9rsf.exactdn.com\/wp-content\/uploads\/2021\/03\/avoriaz-30.jpg?strip=all');\">\n\t\t<div class=\"container\">\n\t\t\t<div class=\"single-content content-light center\">\n\t\t\t\t<h3 class=\"title-h3 mb-2\">Assistance back office de A \u00e0 Z<\/h3>\n\t\t\t\t<p>Nous offrons un service complet d&rsquo;administration et de conseil pour vos clients, du d\u00e9but \u00e0 la fin. Gr\u00e2ce \u00e0 notre expertise en mati\u00e8re de gestion locative, de courtage hypoth\u00e9caire et de d\u00e9veloppement, nous pouvons guider vos clients vers un achat r\u00e9ussi et sans stress.<\/p>\n\t\t\t<\/div>\n\t\t<\/div>\n\t<\/section>\n\n\n<section class=\"s-subscribe color-bg\">\n    <div class=\"container\">\n        <div class=\"subscribe-form-wrap coll-2\">\n\t\t\t            <h3 class=\"title-h3\">Abonnez-vous \u00e0 notre newsletter<\/h3>\n\t\t\t            <div>\n\t\t\t\t<script>(function() {\n\twindow.mc4wp = window.mc4wp || {\n\t\tlisteners: [],\n\t\tforms: {\n\t\t\ton: function(evt, cb) {\n\t\t\t\twindow.mc4wp.listeners.push(\n\t\t\t\t\t{\n\t\t\t\t\t\tevent   : evt,\n\t\t\t\t\t\tcallback: cb\n\t\t\t\t\t}\n\t\t\t\t);\n\t\t\t}\n\t\t}\n\t}\n})();\n<\/script><!-- Mailchimp for WordPress v4.10.6 - https:\/\/wordpress.org\/plugins\/mailchimp-for-wp\/ --><form id=\"mc4wp-form-1\" class=\"mc4wp-form mc4wp-form-5683\" method=\"post\" data-id=\"5683\" data-name=\"Inscription \u00e0 la newsletter\" ><div class=\"mc4wp-form-fields\"><div class=\"form-group\">  \t\n     <input type=\"email\" name=\"EMAIL\" class=\"form-control\" placeholder=\"saisissez votre adresse e-mail\" required=\"\">\n<\/div>\n<button class=\"btn white\">soumettre<\/button>\n      <label>\n        <input name=\"AGREE_TO_TERMS\" type=\"checkbox\" value=\"1\" required=\"\">J&rsquo;accepte de recevoir des emails d&rsquo;Avecoeur et de son partenaire Leapfrog Properties.\n\t<\/label><\/div><label style=\"display: none !important;\">Laissez ce champ vide si vous \u00eates humain\u00a0: <input type=\"text\" name=\"_mc4wp_honeypot\" value=\"\" tabindex=\"-1\" autocomplete=\"off\" \/><\/label><input type=\"hidden\" name=\"_mc4wp_timestamp\" value=\"1776960740\" \/><input type=\"hidden\" name=\"_mc4wp_form_id\" value=\"5683\" \/><input type=\"hidden\" name=\"_mc4wp_form_element_id\" value=\"mc4wp-form-1\" \/><div class=\"mc4wp-response\"><\/div><\/form><!-- \/ Mailchimp for WordPress Plugin -->                            <\/div>\n        <\/div>\n    <\/div>\n<\/section>","protected":false},"excerpt":{"rendered":"","protected":false},"author":1,"featured_media":0,"parent":0,"menu_order":37,"comment_status":"closed","ping_status":"closed","template":"","meta":{"footnotes":""},"class_list":["post-1311","page","type-page","status-publish","hentry"],"acf":[],"yoast_head":"<!-- This site is optimized with the Yoast SEO plugin v27.4 - https:\/\/yoast.com\/product\/yoast-seo-wordpress\/ -->\n<title>Agents - Avecoeur<\/title>\n<meta name=\"description\" content=\"Un agent, un conseiller en patrimoine ou un conseiller financier ind\u00e9pendant, vous pouvez devenir un promoteur pour Avecoeur.\" \/>\n<meta name=\"robots\" content=\"index, follow, max-snippet:-1, max-image-preview:large, max-video-preview:-1\" \/>\n<link rel=\"canonical\" href=\"https:\/\/avecoeur.com\/fr\/devenez-un-promoteur-davecoeur\/\" \/>\n<meta property=\"og:locale\" content=\"fr_FR\" \/>\n<meta property=\"og:type\" content=\"article\" \/>\n<meta property=\"og:title\" content=\"Agents - Avecoeur\" \/>\n<meta property=\"og:description\" content=\"Un agent, un conseiller en patrimoine ou un conseiller financier ind\u00e9pendant, vous pouvez devenir un promoteur pour Avecoeur.\" \/>\n<meta property=\"og:url\" content=\"https:\/\/avecoeur.com\/fr\/devenez-un-promoteur-davecoeur\/\" \/>\n<meta property=\"og:site_name\" content=\"Avecoeur\" \/>\n<meta property=\"article:publisher\" content=\"https:\/\/www.facebook.com\/Avecoeur-100378401788754\/\" \/>\n<meta property=\"article:modified_time\" content=\"2021-12-22T11:06:00+00:00\" \/>\n<meta name=\"twitter:card\" content=\"summary_large_image\" \/>\n<script type=\"application\/ld+json\" class=\"yoast-schema-graph\">{\"@context\":\"https:\\\/\\\/schema.org\",\"@graph\":[{\"@type\":\"WebPage\",\"@id\":\"https:\\\/\\\/avecoeur.com\\\/fr\\\/devenez-un-promoteur-davecoeur\\\/\",\"url\":\"https:\\\/\\\/avecoeur.com\\\/fr\\\/devenez-un-promoteur-davecoeur\\\/\",\"name\":\"Agents - Avecoeur\",\"isPartOf\":{\"@id\":\"https:\\\/\\\/avecoeur.com\\\/#website\"},\"datePublished\":\"2021-02-24T10:25:39+00:00\",\"dateModified\":\"2021-12-22T11:06:00+00:00\",\"description\":\"Un agent, un conseiller en patrimoine ou un conseiller financier ind\u00e9pendant, vous pouvez devenir un promoteur pour Avecoeur.\",\"breadcrumb\":{\"@id\":\"https:\\\/\\\/avecoeur.com\\\/fr\\\/devenez-un-promoteur-davecoeur\\\/#breadcrumb\"},\"inLanguage\":\"fr-FR\",\"potentialAction\":[{\"@type\":\"ReadAction\",\"target\":[\"https:\\\/\\\/avecoeur.com\\\/fr\\\/devenez-un-promoteur-davecoeur\\\/\"]}]},{\"@type\":\"BreadcrumbList\",\"@id\":\"https:\\\/\\\/avecoeur.com\\\/fr\\\/devenez-un-promoteur-davecoeur\\\/#breadcrumb\",\"itemListElement\":[{\"@type\":\"ListItem\",\"position\":1,\"name\":\"Home\",\"item\":\"https:\\\/\\\/avecoeur.com\\\/fr\\\/\"},{\"@type\":\"ListItem\",\"position\":2,\"name\":\"Agents\"}]},{\"@type\":\"WebSite\",\"@id\":\"https:\\\/\\\/avecoeur.com\\\/#website\",\"url\":\"https:\\\/\\\/avecoeur.com\\\/\",\"name\":\"Avecoeur\",\"description\":\"Rent or buy your dream property in France\",\"publisher\":{\"@id\":\"https:\\\/\\\/avecoeur.com\\\/#organization\"},\"potentialAction\":[{\"@type\":\"SearchAction\",\"target\":{\"@type\":\"EntryPoint\",\"urlTemplate\":\"https:\\\/\\\/avecoeur.com\\\/?s={search_term_string}\"},\"query-input\":{\"@type\":\"PropertyValueSpecification\",\"valueRequired\":true,\"valueName\":\"search_term_string\"}}],\"inLanguage\":\"fr-FR\"},{\"@type\":\"Organization\",\"@id\":\"https:\\\/\\\/avecoeur.com\\\/#organization\",\"name\":\"Avecoeur\",\"url\":\"https:\\\/\\\/avecoeur.com\\\/\",\"logo\":{\"@type\":\"ImageObject\",\"inLanguage\":\"fr-FR\",\"@id\":\"https:\\\/\\\/avecoeur.com\\\/#\\\/schema\\\/logo\\\/image\\\/\",\"url\":\"https:\\\/\\\/avecoeur.com\\\/wp-content\\\/uploads\\\/2021\\\/12\\\/logo-color.png\",\"contentUrl\":\"https:\\\/\\\/avecoeur.com\\\/wp-content\\\/uploads\\\/2021\\\/12\\\/logo-color.png\",\"width\":216,\"height\":56,\"caption\":\"Avecoeur\"},\"image\":{\"@id\":\"https:\\\/\\\/avecoeur.com\\\/#\\\/schema\\\/logo\\\/image\\\/\"},\"sameAs\":[\"https:\\\/\\\/www.facebook.com\\\/Avecoeur-100378401788754\\\/\"]}]}<\/script>\n<!-- \/ Yoast SEO plugin. -->","yoast_head_json":{"title":"Agents - Avecoeur","description":"Un agent, un conseiller en patrimoine ou un conseiller financier ind\u00e9pendant, vous pouvez devenir un promoteur pour Avecoeur.","robots":{"index":"index","follow":"follow","max-snippet":"max-snippet:-1","max-image-preview":"max-image-preview:large","max-video-preview":"max-video-preview:-1"},"canonical":"https:\/\/avecoeur.com\/fr\/devenez-un-promoteur-davecoeur\/","og_locale":"fr_FR","og_type":"article","og_title":"Agents - Avecoeur","og_description":"Un agent, un conseiller en patrimoine ou un conseiller financier ind\u00e9pendant, vous pouvez devenir un promoteur pour Avecoeur.","og_url":"https:\/\/avecoeur.com\/fr\/devenez-un-promoteur-davecoeur\/","og_site_name":"Avecoeur","article_publisher":"https:\/\/www.facebook.com\/Avecoeur-100378401788754\/","article_modified_time":"2021-12-22T11:06:00+00:00","twitter_card":"summary_large_image","schema":{"@context":"https:\/\/schema.org","@graph":[{"@type":"WebPage","@id":"https:\/\/avecoeur.com\/fr\/devenez-un-promoteur-davecoeur\/","url":"https:\/\/avecoeur.com\/fr\/devenez-un-promoteur-davecoeur\/","name":"Agents - Avecoeur","isPartOf":{"@id":"https:\/\/avecoeur.com\/#website"},"datePublished":"2021-02-24T10:25:39+00:00","dateModified":"2021-12-22T11:06:00+00:00","description":"Un agent, un conseiller en patrimoine ou un conseiller financier ind\u00e9pendant, vous pouvez devenir un promoteur pour Avecoeur.","breadcrumb":{"@id":"https:\/\/avecoeur.com\/fr\/devenez-un-promoteur-davecoeur\/#breadcrumb"},"inLanguage":"fr-FR","potentialAction":[{"@type":"ReadAction","target":["https:\/\/avecoeur.com\/fr\/devenez-un-promoteur-davecoeur\/"]}]},{"@type":"BreadcrumbList","@id":"https:\/\/avecoeur.com\/fr\/devenez-un-promoteur-davecoeur\/#breadcrumb","itemListElement":[{"@type":"ListItem","position":1,"name":"Home","item":"https:\/\/avecoeur.com\/fr\/"},{"@type":"ListItem","position":2,"name":"Agents"}]},{"@type":"WebSite","@id":"https:\/\/avecoeur.com\/#website","url":"https:\/\/avecoeur.com\/","name":"Avecoeur","description":"Rent or buy your dream property in France","publisher":{"@id":"https:\/\/avecoeur.com\/#organization"},"potentialAction":[{"@type":"SearchAction","target":{"@type":"EntryPoint","urlTemplate":"https:\/\/avecoeur.com\/?s={search_term_string}"},"query-input":{"@type":"PropertyValueSpecification","valueRequired":true,"valueName":"search_term_string"}}],"inLanguage":"fr-FR"},{"@type":"Organization","@id":"https:\/\/avecoeur.com\/#organization","name":"Avecoeur","url":"https:\/\/avecoeur.com\/","logo":{"@type":"ImageObject","inLanguage":"fr-FR","@id":"https:\/\/avecoeur.com\/#\/schema\/logo\/image\/","url":"https:\/\/avecoeur.com\/wp-content\/uploads\/2021\/12\/logo-color.png","contentUrl":"https:\/\/avecoeur.com\/wp-content\/uploads\/2021\/12\/logo-color.png","width":216,"height":56,"caption":"Avecoeur"},"image":{"@id":"https:\/\/avecoeur.com\/#\/schema\/logo\/image\/"},"sameAs":["https:\/\/www.facebook.com\/Avecoeur-100378401788754\/"]}]}},"_links":{"self":[{"href":"https:\/\/avecoeur.com\/fr\/wp-json\/wp\/v2\/pages\/1311","targetHints":{"allow":["GET"]}}],"collection":[{"href":"https:\/\/avecoeur.com\/fr\/wp-json\/wp\/v2\/pages"}],"about":[{"href":"https:\/\/avecoeur.com\/fr\/wp-json\/wp\/v2\/types\/page"}],"author":[{"embeddable":true,"href":"https:\/\/avecoeur.com\/fr\/wp-json\/wp\/v2\/users\/1"}],"replies":[{"embeddable":true,"href":"https:\/\/avecoeur.com\/fr\/wp-json\/wp\/v2\/comments?post=1311"}],"version-history":[{"count":15,"href":"https:\/\/avecoeur.com\/fr\/wp-json\/wp\/v2\/pages\/1311\/revisions"}],"predecessor-version":[{"id":5155,"href":"https:\/\/avecoeur.com\/fr\/wp-json\/wp\/v2\/pages\/1311\/revisions\/5155"}],"wp:attachment":[{"href":"https:\/\/avecoeur.com\/fr\/wp-json\/wp\/v2\/media?parent=1311"}],"curies":[{"name":"wp","href":"https:\/\/api.w.org\/{rel}","templated":true}]}}