{"id":1309,"date":"2021-01-29T15:08:23","date_gmt":"2021-01-29T15:08:23","guid":{"rendered":"https:\/\/avecoeur.com\/holiday-makers\/"},"modified":"2021-12-23T17:12:26","modified_gmt":"2021-12-23T17:12:26","slug":"les-locataires","status":"publish","type":"page","link":"https:\/\/avecoeur.com\/fr\/les-locataires\/","title":{"rendered":"Les locataires"},"content":{"rendered":"\n<section style=\"background-image: url(https:\/\/e6j3epm9rsf.exactdn.com\/wp-content\/uploads\/2021\/03\/AdobeStock_279550070.jpeg?strip=all); background-position: center center; background-size: cover;\"  class=\"animation-bg\">\n    <div class=\"container\">\n        <div class=\"title-content\">\n            <div data-aos=\"fade-up\">\n                <h1 class=\"title-page\">Locations de vacances en France<\/h1>\n                                <p>R\u00c9SERVEZ VOTRE PROPRI\u00c9T\u00c9 DE LOCATION DE VACANCES EN FRANCE AVEC UNE SOCI\u00c9T\u00c9 DE GESTION EXP\u00c9RIMENT\u00c9E ET RECONNUE.<\/p>\n            <\/div>\n        <\/div>\n    <\/div>\n<\/section>\n\n\n<section>\n    <div class=\"container\">\n        <div class=\"single-content\">\n\n            \n                <div class=\"simple-content-icon-left coll-2\">\n\n                \n\t\t\t\t<div class=\"simple-item odd\" data-aos=\"fade-up\">\n                    <img decoding=\"async\" src=\"https:\/\/e6j3epm9rsf.exactdn.com\/wp-content\/uploads\/2021\/01\/web.png?strip=all&w=1920\" alt=\"img\">\n                    <h2 class=\"title-h3\">R\u00e9servations en ligne<\/h2>\n                    <p>Une fois que vous avez trouv\u00e9 une propri\u00e9t\u00e9 \u00e0 louer pour vos vacances, il vous suffit de s\u00e9lectionner les options que vous souhaitez et de payer via notre syst\u00e8me de paiement en ligne.<\/p>\n                <\/div>\n\n                \n\t\t\t\t<div class=\"simple-item even\" data-aos=\"fade-up\">\n                    <img decoding=\"async\" src=\"https:\/\/e6j3epm9rsf.exactdn.com\/wp-content\/uploads\/2021\/01\/health-insurance.png?strip=all&w=1920\" alt=\"img\">\n                    <h2 class=\"title-h3\">D\u00e9p\u00f4ts conserv\u00e9s en toute s\u00e9curit\u00e9<\/h2>\n                    <p>Toute caution pour dommages que vous nous envoyez sera conserv\u00e9e en toute s\u00e9curit\u00e9 et vous sera rembours\u00e9e int\u00e9gralement une fois le d\u00e9part effectu\u00e9 et qu&rsquo;aucun dommage n&rsquo;aura \u00e9t\u00e9 constat\u00e9. <\/p>\n                <\/div>\n\n                \n\t\t\t\t<div class=\"simple-item odd\" data-aos=\"fade-up\">\n                    <img decoding=\"async\" src=\"https:\/\/e6j3epm9rsf.exactdn.com\/wp-content\/uploads\/2021\/01\/men.png?strip=all&w=1920\" alt=\"img\">\n                    <h2 class=\"title-h3\">Des gestionnaires de propri\u00e9t\u00e9 d\u00e9vou\u00e9s<\/h2>\n                    <p>Une fois votre r\u00e9servation effectu\u00e9e, un gestionnaire d\u00e9di\u00e9 vous sera attribu\u00e9 pour r\u00e9pondre \u00e0 toutes vos questions et faire signer le contrat de location. De m\u00eame, avant de r\u00e9server, si vous avez des questions sur une propri\u00e9t\u00e9 particuli\u00e8re, nos gestionnaires de propri\u00e9t\u00e9 sont l\u00e0 pour r\u00e9pondre \u00e0 vos demandes. Avecoeur est une entreprise exp\u00e9riment\u00e9e et r\u00e9compens\u00e9e par d&rsquo;excellentes critiques, qui t\u00e9moignent de la haute qualit\u00e9 des services que nous offrons aux vacanciers.<\/p>\n                <\/div>\n\n                \n\t\t\t\t<div class=\"simple-item even\" data-aos=\"fade-up\">\n                    <img decoding=\"async\" src=\"https:\/\/e6j3epm9rsf.exactdn.com\/wp-content\/uploads\/2021\/01\/reception.png?strip=all&w=1920\" alt=\"img\">\n                    <h2 class=\"title-h3\">Services h\u00f4teliers<\/h2>\n                    <p>Toutes les propri\u00e9t\u00e9s que nous g\u00e9rons sont soigneusement nettoy\u00e9es avant et apr\u00e8s chaque s\u00e9jour, tandis que le linge de maison, les draps et les serviettes sont propos\u00e9s en option, ainsi que d&rsquo;autres services et \u00e9quipements tels que la pr\u00e9paration du jacuzzi (le cas \u00e9ch\u00e9ant), les chaises hautes ou les lits d&rsquo;enfants, par exemple.<\/p>\n                <\/div>\n\n                \n\t\t\t\t<div class=\"simple-item odd\" data-aos=\"fade-up\">\n                    <img decoding=\"async\" src=\"https:\/\/e6j3epm9rsf.exactdn.com\/wp-content\/uploads\/2021\/01\/concierge-1.png?strip=all&w=1920\" alt=\"img\">\n                    <h2 class=\"title-h3\">service de conciergerie<\/h2>\n                    <p>Si vous souhaitez que des activit\u00e9s de groupe soient organis\u00e9es, comme des d\u00e9gustations de vin, des massages ou des cours de surf ou de ski, par exemple, nous pouvons le faire pour vous. Le co\u00fbt direct de ces activit\u00e9s ou services sera bien s\u00fbr toujours un co\u00fbt suppl\u00e9mentaire.<\/p>\n                <\/div>\n\n                \n\t\t\t\t<div class=\"simple-item even\" data-aos=\"fade-up\">\n                    <img decoding=\"async\" src=\"https:\/\/e6j3epm9rsf.exactdn.com\/wp-content\/uploads\/2021\/01\/group.png?strip=all&w=1920\" alt=\"img\">\n                    <h2 class=\"title-h3\">T\u00e9moignages<\/h2>\n                    <p>D\u00e9couvrez ce que les clients pr\u00e9c\u00e9dents ont dit de nos r\u00e9sidences et de nos services pour vous donner la certitude que votre s\u00e9jour sera agr\u00e9able.<\/p>\n                <\/div>\n\n                \n                <\/div>\n\n            \n        <\/div>\n    <\/div>\n<\/section>\n\n\n\t<section class=\"s-properties-for-rent bg-dark\" style=\"background-image: url('https:\/\/e6j3epm9rsf.exactdn.com\/wp-content\/uploads\/2021\/04\/FH000016.jpg?strip=all')\">\n\t\t<div class=\"container\">\n\t\t\t<div class=\"single-content content-light\">\n\t\t\t\t<h2 class=\"title-h2\">Propri\u00e9t\u00e9s \u00e0 louer<\/h2>\n\t\t\t\t<p>Jetez un coup d&rsquo;\u0153il aux magnifiques propri\u00e9t\u00e9s que nous avons \u00e0 louer.<\/p>\n\t\t\t\t<a href=\"\/results-page\/?contract=Rent&amp;destination=&amp;guests=\" class=\"btn light\" id=\"viewBtn\">view<\/a>\n\t\t\t\t<script>\n\t\t\t\t\tvar checkLang = jQuery('html').attr('lang');\n\t\t\t\t\tif(checkLang === 'fr-FR'){\n\t\t\t\t\t\tjQuery(\"#viewBtn\").text(\"voir\");\n\t\t\t\t\t} else {\n\t\t\t\t\t\tjQuery(\"#viewBtn\").text(\"view\");\n\t\t\t\t\t}\n\t\t\t\t<\/script>\n\t\t\t<\/div>\n\t\t<\/div>\n\t<\/section>\n\n\n<section class=\"s-subscribe color-bg\">\n    <div class=\"container\">\n        <div class=\"subscribe-form-wrap coll-2\">\n\t\t\t            <h3 class=\"title-h3\">Abonnez-vous \u00e0 notre newsletter<\/h3>\n\t\t\t            <div>\n\t\t\t\t<script>(function() {\n\twindow.mc4wp = window.mc4wp || {\n\t\tlisteners: [],\n\t\tforms: {\n\t\t\ton: function(evt, cb) {\n\t\t\t\twindow.mc4wp.listeners.push(\n\t\t\t\t\t{\n\t\t\t\t\t\tevent   : evt,\n\t\t\t\t\t\tcallback: cb\n\t\t\t\t\t}\n\t\t\t\t);\n\t\t\t}\n\t\t}\n\t}\n})();\n<\/script><!-- Mailchimp for WordPress v4.10.6 - https:\/\/wordpress.org\/plugins\/mailchimp-for-wp\/ --><form id=\"mc4wp-form-1\" class=\"mc4wp-form mc4wp-form-5683\" method=\"post\" data-id=\"5683\" data-name=\"Inscription \u00e0 la newsletter\" ><div class=\"mc4wp-form-fields\"><div class=\"form-group\">  \t\n     <input type=\"email\" name=\"EMAIL\" class=\"form-control\" placeholder=\"saisissez votre adresse e-mail\" required=\"\">\n<\/div>\n<button class=\"btn white\">soumettre<\/button>\n      <label>\n        <input name=\"AGREE_TO_TERMS\" type=\"checkbox\" value=\"1\" required=\"\">J&rsquo;accepte de recevoir des emails d&rsquo;Avecoeur et de son partenaire Leapfrog Properties.\n\t<\/label><\/div><label style=\"display: none !important;\">Laissez ce champ vide si vous \u00eates humain\u00a0: <input type=\"text\" name=\"_mc4wp_honeypot\" value=\"\" tabindex=\"-1\" autocomplete=\"off\" \/><\/label><input type=\"hidden\" name=\"_mc4wp_timestamp\" value=\"1776585609\" \/><input type=\"hidden\" name=\"_mc4wp_form_id\" value=\"5683\" \/><input type=\"hidden\" name=\"_mc4wp_form_element_id\" value=\"mc4wp-form-1\" \/><div class=\"mc4wp-response\"><\/div><\/form><!-- \/ Mailchimp for WordPress Plugin -->                            <\/div>\n        <\/div>\n    <\/div>\n<\/section>","protected":false},"excerpt":{"rendered":"","protected":false},"author":1,"featured_media":2049,"parent":0,"menu_order":58,"comment_status":"closed","ping_status":"closed","template":"","meta":{"footnotes":""},"class_list":["post-1309","page","type-page","status-publish","has-post-thumbnail","hentry"],"acf":[],"yoast_head":"<!-- This site is optimized with the Yoast SEO plugin v27.4 - https:\/\/yoast.com\/product\/yoast-seo-wordpress\/ -->\n<title>Les locataires - Avecoeur<\/title>\n<meta name=\"description\" content=\"Les locations de vacances en France peuvent \u00eatre r\u00e9serv\u00e9es par Avecoeur qui offre aux vacanciers des r\u00e9servations s\u00e9curis\u00e9es et des services de conciergerie.\" \/>\n<meta name=\"robots\" content=\"index, follow, max-snippet:-1, max-image-preview:large, max-video-preview:-1\" \/>\n<link rel=\"canonical\" href=\"https:\/\/avecoeur.com\/fr\/les-locataires\/\" \/>\n<meta property=\"og:locale\" content=\"fr_FR\" \/>\n<meta property=\"og:type\" content=\"article\" \/>\n<meta property=\"og:title\" content=\"Les locataires - Avecoeur\" \/>\n<meta property=\"og:description\" content=\"Les locations de vacances en France peuvent \u00eatre r\u00e9serv\u00e9es par Avecoeur qui offre aux vacanciers des r\u00e9servations s\u00e9curis\u00e9es et des services de conciergerie.\" \/>\n<meta property=\"og:url\" content=\"https:\/\/avecoeur.com\/fr\/les-locataires\/\" \/>\n<meta property=\"og:site_name\" content=\"Avecoeur\" \/>\n<meta property=\"article:publisher\" content=\"https:\/\/www.facebook.com\/Avecoeur-100378401788754\/\" \/>\n<meta property=\"article:modified_time\" content=\"2021-12-23T17:12:26+00:00\" \/>\n<meta property=\"og:image\" content=\"https:\/\/e6j3epm9rsf.exactdn.com\/wp-content\/uploads\/2021\/04\/St-Restitut-LR-2015-33.jpg?strip=all&lossy=1&ssl=1\" \/>\n\t<meta property=\"og:image:width\" content=\"1920\" \/>\n\t<meta property=\"og:image:height\" content=\"1275\" \/>\n\t<meta property=\"og:image:type\" content=\"image\/jpeg\" \/>\n<meta name=\"twitter:card\" content=\"summary_large_image\" \/>\n<script type=\"application\/ld+json\" class=\"yoast-schema-graph\">{\"@context\":\"https:\\\/\\\/schema.org\",\"@graph\":[{\"@type\":\"WebPage\",\"@id\":\"https:\\\/\\\/avecoeur.com\\\/fr\\\/les-locataires\\\/\",\"url\":\"https:\\\/\\\/avecoeur.com\\\/fr\\\/les-locataires\\\/\",\"name\":\"Les locataires - Avecoeur\",\"isPartOf\":{\"@id\":\"https:\\\/\\\/avecoeur.com\\\/#website\"},\"primaryImageOfPage\":{\"@id\":\"https:\\\/\\\/avecoeur.com\\\/fr\\\/les-locataires\\\/#primaryimage\"},\"image\":{\"@id\":\"https:\\\/\\\/avecoeur.com\\\/fr\\\/les-locataires\\\/#primaryimage\"},\"thumbnailUrl\":\"https:\\\/\\\/e6j3epm9rsf.exactdn.com\\\/wp-content\\\/uploads\\\/2021\\\/04\\\/St-Restitut-LR-2015-33.jpg?strip=all\",\"datePublished\":\"2021-01-29T15:08:23+00:00\",\"dateModified\":\"2021-12-23T17:12:26+00:00\",\"description\":\"Les locations de vacances en France peuvent \u00eatre r\u00e9serv\u00e9es par Avecoeur qui offre aux vacanciers des r\u00e9servations s\u00e9curis\u00e9es et des services de conciergerie.\",\"breadcrumb\":{\"@id\":\"https:\\\/\\\/avecoeur.com\\\/fr\\\/les-locataires\\\/#breadcrumb\"},\"inLanguage\":\"fr-FR\",\"potentialAction\":[{\"@type\":\"ReadAction\",\"target\":[\"https:\\\/\\\/avecoeur.com\\\/fr\\\/les-locataires\\\/\"]}]},{\"@type\":\"ImageObject\",\"inLanguage\":\"fr-FR\",\"@id\":\"https:\\\/\\\/avecoeur.com\\\/fr\\\/les-locataires\\\/#primaryimage\",\"url\":\"https:\\\/\\\/e6j3epm9rsf.exactdn.com\\\/wp-content\\\/uploads\\\/2021\\\/04\\\/St-Restitut-LR-2015-33.jpg?strip=all\",\"contentUrl\":\"https:\\\/\\\/e6j3epm9rsf.exactdn.com\\\/wp-content\\\/uploads\\\/2021\\\/04\\\/St-Restitut-LR-2015-33.jpg?strip=all\",\"width\":1920,\"height\":1275,\"caption\":\"Vue sur le jardin, Bastide Saint Restitut\"},{\"@type\":\"BreadcrumbList\",\"@id\":\"https:\\\/\\\/avecoeur.com\\\/fr\\\/les-locataires\\\/#breadcrumb\",\"itemListElement\":[{\"@type\":\"ListItem\",\"position\":1,\"name\":\"Home\",\"item\":\"https:\\\/\\\/avecoeur.com\\\/fr\\\/\"},{\"@type\":\"ListItem\",\"position\":2,\"name\":\"Les locataires\"}]},{\"@type\":\"WebSite\",\"@id\":\"https:\\\/\\\/avecoeur.com\\\/#website\",\"url\":\"https:\\\/\\\/avecoeur.com\\\/\",\"name\":\"Avecoeur\",\"description\":\"Rent or buy your dream property in France\",\"publisher\":{\"@id\":\"https:\\\/\\\/avecoeur.com\\\/#organization\"},\"potentialAction\":[{\"@type\":\"SearchAction\",\"target\":{\"@type\":\"EntryPoint\",\"urlTemplate\":\"https:\\\/\\\/avecoeur.com\\\/?s={search_term_string}\"},\"query-input\":{\"@type\":\"PropertyValueSpecification\",\"valueRequired\":true,\"valueName\":\"search_term_string\"}}],\"inLanguage\":\"fr-FR\"},{\"@type\":\"Organization\",\"@id\":\"https:\\\/\\\/avecoeur.com\\\/#organization\",\"name\":\"Avecoeur\",\"url\":\"https:\\\/\\\/avecoeur.com\\\/\",\"logo\":{\"@type\":\"ImageObject\",\"inLanguage\":\"fr-FR\",\"@id\":\"https:\\\/\\\/avecoeur.com\\\/#\\\/schema\\\/logo\\\/image\\\/\",\"url\":\"https:\\\/\\\/avecoeur.com\\\/wp-content\\\/uploads\\\/2021\\\/12\\\/logo-color.png\",\"contentUrl\":\"https:\\\/\\\/avecoeur.com\\\/wp-content\\\/uploads\\\/2021\\\/12\\\/logo-color.png\",\"width\":216,\"height\":56,\"caption\":\"Avecoeur\"},\"image\":{\"@id\":\"https:\\\/\\\/avecoeur.com\\\/#\\\/schema\\\/logo\\\/image\\\/\"},\"sameAs\":[\"https:\\\/\\\/www.facebook.com\\\/Avecoeur-100378401788754\\\/\"]}]}<\/script>\n<!-- \/ Yoast SEO plugin. -->","yoast_head_json":{"title":"Les locataires - Avecoeur","description":"Les locations de vacances en France peuvent \u00eatre r\u00e9serv\u00e9es par Avecoeur qui offre aux vacanciers des r\u00e9servations s\u00e9curis\u00e9es et des services de conciergerie.","robots":{"index":"index","follow":"follow","max-snippet":"max-snippet:-1","max-image-preview":"max-image-preview:large","max-video-preview":"max-video-preview:-1"},"canonical":"https:\/\/avecoeur.com\/fr\/les-locataires\/","og_locale":"fr_FR","og_type":"article","og_title":"Les locataires - Avecoeur","og_description":"Les locations de vacances en France peuvent \u00eatre r\u00e9serv\u00e9es par Avecoeur qui offre aux vacanciers des r\u00e9servations s\u00e9curis\u00e9es et des services de conciergerie.","og_url":"https:\/\/avecoeur.com\/fr\/les-locataires\/","og_site_name":"Avecoeur","article_publisher":"https:\/\/www.facebook.com\/Avecoeur-100378401788754\/","article_modified_time":"2021-12-23T17:12:26+00:00","og_image":[{"width":1920,"height":1275,"url":"https:\/\/e6j3epm9rsf.exactdn.com\/wp-content\/uploads\/2021\/04\/St-Restitut-LR-2015-33.jpg?strip=all&lossy=1&ssl=1","type":"image\/jpeg"}],"twitter_card":"summary_large_image","schema":{"@context":"https:\/\/schema.org","@graph":[{"@type":"WebPage","@id":"https:\/\/avecoeur.com\/fr\/les-locataires\/","url":"https:\/\/avecoeur.com\/fr\/les-locataires\/","name":"Les locataires - Avecoeur","isPartOf":{"@id":"https:\/\/avecoeur.com\/#website"},"primaryImageOfPage":{"@id":"https:\/\/avecoeur.com\/fr\/les-locataires\/#primaryimage"},"image":{"@id":"https:\/\/avecoeur.com\/fr\/les-locataires\/#primaryimage"},"thumbnailUrl":"https:\/\/e6j3epm9rsf.exactdn.com\/wp-content\/uploads\/2021\/04\/St-Restitut-LR-2015-33.jpg?strip=all","datePublished":"2021-01-29T15:08:23+00:00","dateModified":"2021-12-23T17:12:26+00:00","description":"Les locations de vacances en France peuvent \u00eatre r\u00e9serv\u00e9es par Avecoeur qui offre aux vacanciers des r\u00e9servations s\u00e9curis\u00e9es et des services de conciergerie.","breadcrumb":{"@id":"https:\/\/avecoeur.com\/fr\/les-locataires\/#breadcrumb"},"inLanguage":"fr-FR","potentialAction":[{"@type":"ReadAction","target":["https:\/\/avecoeur.com\/fr\/les-locataires\/"]}]},{"@type":"ImageObject","inLanguage":"fr-FR","@id":"https:\/\/avecoeur.com\/fr\/les-locataires\/#primaryimage","url":"https:\/\/e6j3epm9rsf.exactdn.com\/wp-content\/uploads\/2021\/04\/St-Restitut-LR-2015-33.jpg?strip=all","contentUrl":"https:\/\/e6j3epm9rsf.exactdn.com\/wp-content\/uploads\/2021\/04\/St-Restitut-LR-2015-33.jpg?strip=all","width":1920,"height":1275,"caption":"Vue sur le jardin, Bastide Saint Restitut"},{"@type":"BreadcrumbList","@id":"https:\/\/avecoeur.com\/fr\/les-locataires\/#breadcrumb","itemListElement":[{"@type":"ListItem","position":1,"name":"Home","item":"https:\/\/avecoeur.com\/fr\/"},{"@type":"ListItem","position":2,"name":"Les locataires"}]},{"@type":"WebSite","@id":"https:\/\/avecoeur.com\/#website","url":"https:\/\/avecoeur.com\/","name":"Avecoeur","description":"Rent or buy your dream property in France","publisher":{"@id":"https:\/\/avecoeur.com\/#organization"},"potentialAction":[{"@type":"SearchAction","target":{"@type":"EntryPoint","urlTemplate":"https:\/\/avecoeur.com\/?s={search_term_string}"},"query-input":{"@type":"PropertyValueSpecification","valueRequired":true,"valueName":"search_term_string"}}],"inLanguage":"fr-FR"},{"@type":"Organization","@id":"https:\/\/avecoeur.com\/#organization","name":"Avecoeur","url":"https:\/\/avecoeur.com\/","logo":{"@type":"ImageObject","inLanguage":"fr-FR","@id":"https:\/\/avecoeur.com\/#\/schema\/logo\/image\/","url":"https:\/\/avecoeur.com\/wp-content\/uploads\/2021\/12\/logo-color.png","contentUrl":"https:\/\/avecoeur.com\/wp-content\/uploads\/2021\/12\/logo-color.png","width":216,"height":56,"caption":"Avecoeur"},"image":{"@id":"https:\/\/avecoeur.com\/#\/schema\/logo\/image\/"},"sameAs":["https:\/\/www.facebook.com\/Avecoeur-100378401788754\/"]}]}},"_links":{"self":[{"href":"https:\/\/avecoeur.com\/fr\/wp-json\/wp\/v2\/pages\/1309","targetHints":{"allow":["GET"]}}],"collection":[{"href":"https:\/\/avecoeur.com\/fr\/wp-json\/wp\/v2\/pages"}],"about":[{"href":"https:\/\/avecoeur.com\/fr\/wp-json\/wp\/v2\/types\/page"}],"author":[{"embeddable":true,"href":"https:\/\/avecoeur.com\/fr\/wp-json\/wp\/v2\/users\/1"}],"replies":[{"embeddable":true,"href":"https:\/\/avecoeur.com\/fr\/wp-json\/wp\/v2\/comments?post=1309"}],"version-history":[{"count":16,"href":"https:\/\/avecoeur.com\/fr\/wp-json\/wp\/v2\/pages\/1309\/revisions"}],"predecessor-version":[{"id":5228,"href":"https:\/\/avecoeur.com\/fr\/wp-json\/wp\/v2\/pages\/1309\/revisions\/5228"}],"wp:featuredmedia":[{"embeddable":true,"href":"https:\/\/avecoeur.com\/fr\/wp-json\/wp\/v2\/media\/2049"}],"wp:attachment":[{"href":"https:\/\/avecoeur.com\/fr\/wp-json\/wp\/v2\/media?parent=1309"}],"curies":[{"name":"wp","href":"https:\/\/api.w.org\/{rel}","templated":true}]}}