{"id":1307,"date":"2021-01-27T11:21:36","date_gmt":"2021-01-27T11:21:36","guid":{"rendered":"https:\/\/avecoeur.com\/marketing-sales\/"},"modified":"2022-01-06T19:29:03","modified_gmt":"2022-01-06T19:29:03","slug":"ventes-marketing","status":"publish","type":"page","link":"https:\/\/avecoeur.com\/fr\/ventes-marketing\/","title":{"rendered":"Ventes &#038; Marketing"},"content":{"rendered":"\n<section style=\"background-image: url(https:\/\/e6j3epm9rsf.exactdn.com\/wp-content\/uploads\/2021\/03\/avoriaz_dcophoto_3.jpg?strip=all); background-position: center center; background-size: cover;\"  class=\"animation-bg\">\n    <div class=\"container\">\n        <div class=\"title-content\">\n            <div data-aos=\"fade-up\">\n                <h1 class=\"title-page\">Services de vente et de marketing pour les professionnels de l&rsquo;immobilier fran\u00e7ais<\/h1>\n                                <p>Avecoeur se charge des processus de vente et de marketing non seulement pour ses propres d\u00e9veloppements immobiliers mais aussi pour d&rsquo;autres promoteurs immobiliers fran\u00e7ais avec lesquels elle travaille. En partenariat avec les promoteurs\/constructeurs, cela leur permet de se concentrer sur la construction de la propri\u00e9t\u00e9 et de laisser Avecoeur s&rsquo;occuper des aspects marketing et commerciaux. Nos comp\u00e9tences en mati\u00e8re de vente et de marketing permettent \u00e9galement aux agents immobiliers, aux conseillers financiers ind\u00e9pendants et aux gestionnaires de patrimoine de vendre plus facilement nos projets puisqu&rsquo;ils disposent de tous les outils n\u00e9cessaires. Nous vous pr\u00e9sentons ci-dessous quelques-uns de ces outils.<\/p>\n            <\/div>\n        <\/div>\n    <\/div>\n<\/section>\n\n\n<section>\n    <div class=\"container\">\n        <div class=\"single-content\">\n            <div data-aos=\"fade-up\">\n                <p>Nous nous occupons des aspects marketing et commerciaux de nos propres projets immobiliers, mais aussi de ceux d&rsquo;autres promoteurs, g\u00e9n\u00e9ralement sur une base exclusive. Nous s\u00e9lectionnons les projets qui nous semblent les plus appropri\u00e9s en termes d&#8217;emplacement, de qualit\u00e9 et d&rsquo;ant\u00e9c\u00e9dents du promoteur, puis nous couvrons tous les aspects du marketing, de la cr\u00e9ation d&rsquo;images de synth\u00e8se et de vid\u00e9os \u00e0 la conception de brochures et de sites web, en passant par la r\u00e9alisation de formes de marketing num\u00e9riques et plus traditionnelles. Cela permet \u00e0 nos conseillers immobiliers internes, mais aussi \u00e0 nos agents et conseillers en patrimoine partenaires, de se concentrer sur la discussion des options appropri\u00e9es disponibles pour les investisseurs immobiliers int\u00e9ress\u00e9s.<\/p>\n<p>Si vous \u00eates <a href=\"https:\/\/avecoeur.com\/fr\/promoteurs-immobiliers\/\">un promoteur immobilier en France<\/a>, <a href=\"https:\/\/avecoeur.com\/fr\/devenez-un-promoteur-davecoeur\/\">un agent<\/a> ou un conseiller en patrimoine, n&rsquo;h\u00e9sitez pas \u00e0 explorer nos services sp\u00e9cialis\u00e9s pour votre cat\u00e9gorie afin de d\u00e9couvrir comment nous pouvons vous aider \u00e0 r\u00e9aliser plus de ventes tout en vous assurant que vos clients sont satisfaits. Vous trouverez ci-dessous quelques-uns des canaux de marketing que nous utilisons pour promouvoir un projet :<\/p>\n            <\/div>\n        <\/div>\n    <\/div>\n<\/section>\n\n\n<p><\/p>\n\n\n\n<section>\n    <div class=\"container\">\n        <div class=\"single-content\">\n\n            \n                <div class=\"simple-content-icon-left coll-2\">\n\n                \n\t\t\t\t<div class=\"simple-item odd\" data-aos=\"fade-up\">\n                    <img decoding=\"async\" src=\"https:\/\/e6j3epm9rsf.exactdn.com\/wp-content\/uploads\/2021\/01\/affiliate-marketing.png?strip=all&w=1920\" alt=\"img\">\n                    <h2 class=\"title-h3\">R\u00e9seau des agents<\/h2>\n                    <p>Au cours des 13 derni\u00e8res ann\u00e9es, nous avons constitu\u00e9 un r\u00e9seau d&rsquo;agents immobiliers, de courtiers en immobilier internationaux et d&rsquo;agents immobiliers ind\u00e9pendants qui font r\u00e9guli\u00e8rement la promotion de nos projets aupr\u00e8s de leurs clients. Avec le soutien de notre mat\u00e9riel de marketing et de notre back-office, nous fournissons les outils permettant \u00e0 ces partenaires de r\u00e9aliser des ventes en notre nom.<\/p>\n                <\/div>\n\n                \n\t\t\t\t<div class=\"simple-item even\" data-aos=\"fade-up\">\n                    <img decoding=\"async\" src=\"https:\/\/e6j3epm9rsf.exactdn.com\/wp-content\/uploads\/2021\/01\/share.png?strip=all&w=1920\" alt=\"img\">\n                    <h2 class=\"title-h3\"> R\u00e9seaux sociaux<\/h2>\n                    <p>Nous mettons r\u00e9guli\u00e8rement \u00e0 jour nos comptes de r\u00e9seaux sociaux comme Facebook et Twitter afin de tenir les clients et les partenaires au courant de ce que nous faisons et de ce qui se passe sur le march\u00e9 avec des nouvelles et des articles pertinents. Nous r\u00e9alisons \u00e9galement r\u00e9guli\u00e8rement des campagnes marketing cibl\u00e9es sur Facebook et Instagram pour promouvoir notre activit\u00e9 et nos propri\u00e9t\u00e9s.<\/p>\n                <\/div>\n\n                \n\t\t\t\t<div class=\"simple-item odd\" data-aos=\"fade-up\">\n                    <img decoding=\"async\" src=\"https:\/\/e6j3epm9rsf.exactdn.com\/wp-content\/uploads\/2021\/01\/web.png?strip=all&w=1920\" alt=\"img\">\n                    <h2 class=\"title-h3\">Portails immobiliers<\/h2>\n                    <p>Nous sommes visibles sur tous les principaux portails immobiliers tels que Rightmove, Primelocation, Zoopla, Seloger et plus encore.<\/p>\n                <\/div>\n\n                \n\t\t\t\t<div class=\"simple-item even\" data-aos=\"fade-up\">\n                    <img decoding=\"async\" src=\"https:\/\/e6j3epm9rsf.exactdn.com\/wp-content\/uploads\/2021\/01\/laptop.png?strip=all&w=1920\" alt=\"img\">\n                    <h2 class=\"title-h3\">Nos sites Internet<\/h2>\n                    <p>Lorsque cela s&rsquo;av\u00e8re n\u00e9cessaire, nous menons une campagne de relations publiques afin de garantir la publication d&rsquo;articles dignes d&rsquo;int\u00e9r\u00eat dans les journaux et les magazines immobiliers pertinents.<\/p>\n                <\/div>\n\n                \n\t\t\t\t<div class=\"simple-item odd\" data-aos=\"fade-up\">\n                    <img decoding=\"async\" src=\"https:\/\/e6j3epm9rsf.exactdn.com\/wp-content\/uploads\/2021\/01\/group.png?strip=all&w=1920\" alt=\"img\">\n                    <h2 class=\"title-h3\">Relations publiques<\/h2>\n                    <p>Lorsque cela s&rsquo;av\u00e8re n\u00e9cessaire, nous menons une campagne de relations publiques afin de garantir la publication d&rsquo;articles dignes d&rsquo;int\u00e9r\u00eat dans les journaux et les magazines immobiliers pertinents.<\/p>\n                <\/div>\n\n                \n\t\t\t\t<div class=\"simple-item even\" data-aos=\"fade-up\">\n                    <img decoding=\"async\" src=\"https:\/\/e6j3epm9rsf.exactdn.com\/wp-content\/uploads\/2021\/01\/email.png?strip=all&w=1920\" alt=\"img\">\n                    <h2 class=\"title-h3\">Newsletters &#038; Flyers<\/h2>\n                    <p>Une ou deux fois par mois, nous envoyons des informations sur les nouveaux lancements immobiliers ou des informations utiles sur le march\u00e9 immobilier \u00e0 ceux qui sont abonn\u00e9s.<\/p>\n                <\/div>\n\n                \n                <\/div>\n\n            \n        <\/div>\n    <\/div>\n<\/section>\n\n\n<section>\n    <div class=\"container\">\n        <div class=\"single-content\">\n\n            \n            <div class=\"simple-content-icon-left\">\n\n                \n                <div class=\"simple-item full\" data-aos=\"fade-up\">\n                    <img decoding=\"async\" src=\"https:\/\/e6j3epm9rsf.exactdn.com\/wp-content\/uploads\/2021\/01\/men.png?strip=all&w=1920\" alt=\"img\">\n                    <h2 class=\"title-h3\">L&rsquo;\u00e9quipe de vente interne<\/h2>\n                    <p>Afin de traiter les demandes directes qui nous parviennent, nous disposons d&rsquo;une \u00e9quipe de vente interne qui peut fournir des r\u00e9ponses et des informations, mais aussi expliquer le processus et s&rsquo;assurer que les acheteurs sont \u00e0 l&rsquo;aise et bien inform\u00e9s avant de proc\u00e9der.<\/p>\n<p>Dans le cadre de notre service de vente, nous avons \u00e9galement un d\u00e9partement qui s&rsquo;occupe de toute l&rsquo;administration li\u00e9e \u00e0 la vente et \u00e0 la mise en place du partenariat de gestion entre nous et l&rsquo;acheteur. Dans l&rsquo;optique de la construction, cela implique de passer en revue les exigences de l&rsquo;acheteur et d&rsquo;ajuster ou de modifier \u00e9ventuellement les plans de la propri\u00e9t\u00e9, mais aussi l&rsquo;\u00e9quipement, le mobilier, les installations et les accessoires, si n\u00e9cessaire. L&rsquo;aspect commercial implique de guider l&rsquo;acheteur \u00e0 chaque \u00e9tape du processus, de pr\u00e9parer les contrats de vente et de gestion locative et de suivre le notaire fran\u00e7ais pour s&rsquo;assurer que le processus se d\u00e9roule sans probl\u00e8me et que tous les documents ont \u00e9t\u00e9 remplis et renvoy\u00e9s correctement. Il est essentiel que ce service soit offert en anglais et en fran\u00e7ais afin que l&rsquo;ensemble du processus soit clair et bien compris.<\/p>\n                <\/div>\n\n                \n            <\/div>\n\n            \n        <\/div>\n    <\/div>\n<\/section>\n\n\n<p><\/p>\n\n\n\n<section class=\"s-subscribe color-bg\">\n    <div class=\"container\">\n        <div class=\"subscribe-form-wrap coll-2\">\n\t\t\t            <h3 class=\"title-h3\">Abonnez-vous \u00e0 notre newsletter<\/h3>\n\t\t\t            <div>\n\t\t\t\t<script>(function() {\n\twindow.mc4wp = window.mc4wp || {\n\t\tlisteners: [],\n\t\tforms: {\n\t\t\ton: function(evt, cb) {\n\t\t\t\twindow.mc4wp.listeners.push(\n\t\t\t\t\t{\n\t\t\t\t\t\tevent   : evt,\n\t\t\t\t\t\tcallback: cb\n\t\t\t\t\t}\n\t\t\t\t);\n\t\t\t}\n\t\t}\n\t}\n})();\n<\/script><!-- Mailchimp for WordPress v4.10.6 - https:\/\/wordpress.org\/plugins\/mailchimp-for-wp\/ --><form id=\"mc4wp-form-1\" class=\"mc4wp-form mc4wp-form-5683\" method=\"post\" data-id=\"5683\" data-name=\"Inscription \u00e0 la newsletter\" ><div class=\"mc4wp-form-fields\"><div class=\"form-group\">  \t\n     <input type=\"email\" name=\"EMAIL\" class=\"form-control\" placeholder=\"saisissez votre adresse e-mail\" required=\"\">\n<\/div>\n<button class=\"btn white\">soumettre<\/button>\n      <label>\n        <input name=\"AGREE_TO_TERMS\" type=\"checkbox\" value=\"1\" required=\"\">J&rsquo;accepte de recevoir des emails d&rsquo;Avecoeur et de son partenaire Leapfrog Properties.\n\t<\/label><\/div><label style=\"display: none !important;\">Laissez ce champ vide si vous \u00eates humain\u00a0: <input type=\"text\" name=\"_mc4wp_honeypot\" value=\"\" tabindex=\"-1\" autocomplete=\"off\" \/><\/label><input type=\"hidden\" name=\"_mc4wp_timestamp\" value=\"1776769831\" \/><input type=\"hidden\" name=\"_mc4wp_form_id\" value=\"5683\" \/><input type=\"hidden\" name=\"_mc4wp_form_element_id\" value=\"mc4wp-form-1\" \/><div class=\"mc4wp-response\"><\/div><\/form><!-- \/ Mailchimp for WordPress Plugin -->                            <\/div>\n        <\/div>\n    <\/div>\n<\/section>","protected":false},"excerpt":{"rendered":"","protected":false},"author":1,"featured_media":1308,"parent":0,"menu_order":69,"comment_status":"closed","ping_status":"closed","template":"","meta":{"footnotes":""},"class_list":["post-1307","page","type-page","status-publish","has-post-thumbnail","hentry"],"acf":[],"yoast_head":"<!-- This site is optimized with the Yoast SEO plugin v27.4 - https:\/\/yoast.com\/product\/yoast-seo-wordpress\/ -->\n<title>Ventes &amp; Marketing - Avecoeur<\/title>\n<meta name=\"description\" content=\"Services de vente et de marketing permettant aux promoteurs de se concentrer sur construction des projets.\" \/>\n<meta name=\"robots\" content=\"index, follow, max-snippet:-1, max-image-preview:large, max-video-preview:-1\" \/>\n<link rel=\"canonical\" href=\"https:\/\/avecoeur.com\/fr\/ventes-marketing\/\" \/>\n<meta property=\"og:locale\" content=\"fr_FR\" \/>\n<meta property=\"og:type\" content=\"article\" \/>\n<meta property=\"og:title\" content=\"Ventes &amp; Marketing - Avecoeur\" \/>\n<meta property=\"og:description\" content=\"Services de vente et de marketing permettant aux promoteurs de se concentrer sur construction des projets.\" \/>\n<meta property=\"og:url\" content=\"https:\/\/avecoeur.com\/fr\/ventes-marketing\/\" \/>\n<meta property=\"og:site_name\" content=\"Avecoeur\" \/>\n<meta property=\"article:publisher\" content=\"https:\/\/www.facebook.com\/Avecoeur-100378401788754\/\" \/>\n<meta property=\"article:modified_time\" content=\"2022-01-06T19:29:03+00:00\" \/>\n<meta property=\"og:image\" content=\"https:\/\/e6j3epm9rsf.exactdn.com\/wp-content\/uploads\/2021\/01\/marketing-and-sales-banner.jpg?strip=all&lossy=1&ssl=1\" \/>\n\t<meta property=\"og:image:width\" content=\"1920\" \/>\n\t<meta property=\"og:image:height\" content=\"509\" \/>\n\t<meta property=\"og:image:type\" content=\"image\/jpeg\" \/>\n<meta name=\"twitter:card\" content=\"summary_large_image\" \/>\n<script type=\"application\/ld+json\" class=\"yoast-schema-graph\">{\"@context\":\"https:\\\/\\\/schema.org\",\"@graph\":[{\"@type\":\"WebPage\",\"@id\":\"https:\\\/\\\/avecoeur.com\\\/fr\\\/ventes-marketing\\\/\",\"url\":\"https:\\\/\\\/avecoeur.com\\\/fr\\\/ventes-marketing\\\/\",\"name\":\"Ventes & Marketing - Avecoeur\",\"isPartOf\":{\"@id\":\"https:\\\/\\\/avecoeur.com\\\/#website\"},\"primaryImageOfPage\":{\"@id\":\"https:\\\/\\\/avecoeur.com\\\/fr\\\/ventes-marketing\\\/#primaryimage\"},\"image\":{\"@id\":\"https:\\\/\\\/avecoeur.com\\\/fr\\\/ventes-marketing\\\/#primaryimage\"},\"thumbnailUrl\":\"https:\\\/\\\/e6j3epm9rsf.exactdn.com\\\/wp-content\\\/uploads\\\/2021\\\/01\\\/marketing-and-sales-banner.jpg?strip=all\",\"datePublished\":\"2021-01-27T11:21:36+00:00\",\"dateModified\":\"2022-01-06T19:29:03+00:00\",\"description\":\"Services de vente et de marketing permettant aux promoteurs de se concentrer sur construction des projets.\",\"breadcrumb\":{\"@id\":\"https:\\\/\\\/avecoeur.com\\\/fr\\\/ventes-marketing\\\/#breadcrumb\"},\"inLanguage\":\"fr-FR\",\"potentialAction\":[{\"@type\":\"ReadAction\",\"target\":[\"https:\\\/\\\/avecoeur.com\\\/fr\\\/ventes-marketing\\\/\"]}]},{\"@type\":\"ImageObject\",\"inLanguage\":\"fr-FR\",\"@id\":\"https:\\\/\\\/avecoeur.com\\\/fr\\\/ventes-marketing\\\/#primaryimage\",\"url\":\"https:\\\/\\\/e6j3epm9rsf.exactdn.com\\\/wp-content\\\/uploads\\\/2021\\\/01\\\/marketing-and-sales-banner.jpg?strip=all\",\"contentUrl\":\"https:\\\/\\\/e6j3epm9rsf.exactdn.com\\\/wp-content\\\/uploads\\\/2021\\\/01\\\/marketing-and-sales-banner.jpg?strip=all\",\"width\":1920,\"height\":509},{\"@type\":\"BreadcrumbList\",\"@id\":\"https:\\\/\\\/avecoeur.com\\\/fr\\\/ventes-marketing\\\/#breadcrumb\",\"itemListElement\":[{\"@type\":\"ListItem\",\"position\":1,\"name\":\"Home\",\"item\":\"https:\\\/\\\/avecoeur.com\\\/fr\\\/\"},{\"@type\":\"ListItem\",\"position\":2,\"name\":\"Ventes &#038; Marketing\"}]},{\"@type\":\"WebSite\",\"@id\":\"https:\\\/\\\/avecoeur.com\\\/#website\",\"url\":\"https:\\\/\\\/avecoeur.com\\\/\",\"name\":\"Avecoeur\",\"description\":\"Rent or buy your dream property in France\",\"publisher\":{\"@id\":\"https:\\\/\\\/avecoeur.com\\\/#organization\"},\"potentialAction\":[{\"@type\":\"SearchAction\",\"target\":{\"@type\":\"EntryPoint\",\"urlTemplate\":\"https:\\\/\\\/avecoeur.com\\\/?s={search_term_string}\"},\"query-input\":{\"@type\":\"PropertyValueSpecification\",\"valueRequired\":true,\"valueName\":\"search_term_string\"}}],\"inLanguage\":\"fr-FR\"},{\"@type\":\"Organization\",\"@id\":\"https:\\\/\\\/avecoeur.com\\\/#organization\",\"name\":\"Avecoeur\",\"url\":\"https:\\\/\\\/avecoeur.com\\\/\",\"logo\":{\"@type\":\"ImageObject\",\"inLanguage\":\"fr-FR\",\"@id\":\"https:\\\/\\\/avecoeur.com\\\/#\\\/schema\\\/logo\\\/image\\\/\",\"url\":\"https:\\\/\\\/avecoeur.com\\\/wp-content\\\/uploads\\\/2021\\\/12\\\/logo-color.png\",\"contentUrl\":\"https:\\\/\\\/avecoeur.com\\\/wp-content\\\/uploads\\\/2021\\\/12\\\/logo-color.png\",\"width\":216,\"height\":56,\"caption\":\"Avecoeur\"},\"image\":{\"@id\":\"https:\\\/\\\/avecoeur.com\\\/#\\\/schema\\\/logo\\\/image\\\/\"},\"sameAs\":[\"https:\\\/\\\/www.facebook.com\\\/Avecoeur-100378401788754\\\/\"]}]}<\/script>\n<!-- \/ Yoast SEO plugin. -->","yoast_head_json":{"title":"Ventes & Marketing - Avecoeur","description":"Services de vente et de marketing permettant aux promoteurs de se concentrer sur construction des projets.","robots":{"index":"index","follow":"follow","max-snippet":"max-snippet:-1","max-image-preview":"max-image-preview:large","max-video-preview":"max-video-preview:-1"},"canonical":"https:\/\/avecoeur.com\/fr\/ventes-marketing\/","og_locale":"fr_FR","og_type":"article","og_title":"Ventes & Marketing - Avecoeur","og_description":"Services de vente et de marketing permettant aux promoteurs de se concentrer sur construction des projets.","og_url":"https:\/\/avecoeur.com\/fr\/ventes-marketing\/","og_site_name":"Avecoeur","article_publisher":"https:\/\/www.facebook.com\/Avecoeur-100378401788754\/","article_modified_time":"2022-01-06T19:29:03+00:00","og_image":[{"width":1920,"height":509,"url":"https:\/\/e6j3epm9rsf.exactdn.com\/wp-content\/uploads\/2021\/01\/marketing-and-sales-banner.jpg?strip=all&lossy=1&ssl=1","type":"image\/jpeg"}],"twitter_card":"summary_large_image","schema":{"@context":"https:\/\/schema.org","@graph":[{"@type":"WebPage","@id":"https:\/\/avecoeur.com\/fr\/ventes-marketing\/","url":"https:\/\/avecoeur.com\/fr\/ventes-marketing\/","name":"Ventes & Marketing - Avecoeur","isPartOf":{"@id":"https:\/\/avecoeur.com\/#website"},"primaryImageOfPage":{"@id":"https:\/\/avecoeur.com\/fr\/ventes-marketing\/#primaryimage"},"image":{"@id":"https:\/\/avecoeur.com\/fr\/ventes-marketing\/#primaryimage"},"thumbnailUrl":"https:\/\/e6j3epm9rsf.exactdn.com\/wp-content\/uploads\/2021\/01\/marketing-and-sales-banner.jpg?strip=all","datePublished":"2021-01-27T11:21:36+00:00","dateModified":"2022-01-06T19:29:03+00:00","description":"Services de vente et de marketing permettant aux promoteurs de se concentrer sur construction des projets.","breadcrumb":{"@id":"https:\/\/avecoeur.com\/fr\/ventes-marketing\/#breadcrumb"},"inLanguage":"fr-FR","potentialAction":[{"@type":"ReadAction","target":["https:\/\/avecoeur.com\/fr\/ventes-marketing\/"]}]},{"@type":"ImageObject","inLanguage":"fr-FR","@id":"https:\/\/avecoeur.com\/fr\/ventes-marketing\/#primaryimage","url":"https:\/\/e6j3epm9rsf.exactdn.com\/wp-content\/uploads\/2021\/01\/marketing-and-sales-banner.jpg?strip=all","contentUrl":"https:\/\/e6j3epm9rsf.exactdn.com\/wp-content\/uploads\/2021\/01\/marketing-and-sales-banner.jpg?strip=all","width":1920,"height":509},{"@type":"BreadcrumbList","@id":"https:\/\/avecoeur.com\/fr\/ventes-marketing\/#breadcrumb","itemListElement":[{"@type":"ListItem","position":1,"name":"Home","item":"https:\/\/avecoeur.com\/fr\/"},{"@type":"ListItem","position":2,"name":"Ventes &#038; Marketing"}]},{"@type":"WebSite","@id":"https:\/\/avecoeur.com\/#website","url":"https:\/\/avecoeur.com\/","name":"Avecoeur","description":"Rent or buy your dream property in France","publisher":{"@id":"https:\/\/avecoeur.com\/#organization"},"potentialAction":[{"@type":"SearchAction","target":{"@type":"EntryPoint","urlTemplate":"https:\/\/avecoeur.com\/?s={search_term_string}"},"query-input":{"@type":"PropertyValueSpecification","valueRequired":true,"valueName":"search_term_string"}}],"inLanguage":"fr-FR"},{"@type":"Organization","@id":"https:\/\/avecoeur.com\/#organization","name":"Avecoeur","url":"https:\/\/avecoeur.com\/","logo":{"@type":"ImageObject","inLanguage":"fr-FR","@id":"https:\/\/avecoeur.com\/#\/schema\/logo\/image\/","url":"https:\/\/avecoeur.com\/wp-content\/uploads\/2021\/12\/logo-color.png","contentUrl":"https:\/\/avecoeur.com\/wp-content\/uploads\/2021\/12\/logo-color.png","width":216,"height":56,"caption":"Avecoeur"},"image":{"@id":"https:\/\/avecoeur.com\/#\/schema\/logo\/image\/"},"sameAs":["https:\/\/www.facebook.com\/Avecoeur-100378401788754\/"]}]}},"_links":{"self":[{"href":"https:\/\/avecoeur.com\/fr\/wp-json\/wp\/v2\/pages\/1307","targetHints":{"allow":["GET"]}}],"collection":[{"href":"https:\/\/avecoeur.com\/fr\/wp-json\/wp\/v2\/pages"}],"about":[{"href":"https:\/\/avecoeur.com\/fr\/wp-json\/wp\/v2\/types\/page"}],"author":[{"embeddable":true,"href":"https:\/\/avecoeur.com\/fr\/wp-json\/wp\/v2\/users\/1"}],"replies":[{"embeddable":true,"href":"https:\/\/avecoeur.com\/fr\/wp-json\/wp\/v2\/comments?post=1307"}],"version-history":[{"count":20,"href":"https:\/\/avecoeur.com\/fr\/wp-json\/wp\/v2\/pages\/1307\/revisions"}],"predecessor-version":[{"id":5447,"href":"https:\/\/avecoeur.com\/fr\/wp-json\/wp\/v2\/pages\/1307\/revisions\/5447"}],"wp:featuredmedia":[{"embeddable":true,"href":"https:\/\/avecoeur.com\/fr\/wp-json\/wp\/v2\/media\/1308"}],"wp:attachment":[{"href":"https:\/\/avecoeur.com\/fr\/wp-json\/wp\/v2\/media?parent=1307"}],"curies":[{"name":"wp","href":"https:\/\/api.w.org\/{rel}","templated":true}]}}